{"id":7428,"date":"2025-06-24T06:31:38","date_gmt":"2025-06-24T06:31:38","guid":{"rendered":"https:\/\/auspacekitchenware.com\/?post_type=product&#038;p=7428"},"modified":"2025-06-24T06:37:02","modified_gmt":"2025-06-24T06:37:02","slug":"bandeja-para-hornear-pizza-al-por-mayor-2","status":"publish","type":"product","link":"https:\/\/www.auspacekitchenware.com\/es\/pizza-baking-pan-wholesale-2\/","title":{"rendered":"Bandeja para hornear pizza al por mayor"},"content":{"rendered":"<div class=\"auto-hide-last-sibling-br paragraph-Oc488D paragraph-element br-paragraph-space\">\n<div class=\"auto-hide-last-sibling-br paragraph-Oc488D paragraph-element br-paragraph-space\">\n<div class=\"auto-hide-last-sibling-br paragraph-Oc488D paragraph-element br-paragraph-space\">\n<div class=\"auto-hide-last-sibling-br paragraph-Oc488D paragraph-element br-paragraph-space\">\n<p><strong><span class=\"a-list-item\">Acero inoxidable de alta calidad: <\/span><\/strong><\/p>\n<p><span class=\"a-list-item\">Nuestras bandejas para hornear pizza est\u00e1n fabricadas con acero inoxidable 100% de primera calidad, lo que garantiza su durabilidad y facilidad de limpieza para un uso prolongado. \u00a1Sin recubrimientos dudosos!<\/span><\/p>\n<p><strong><span class=\"a-list-item\">Dise\u00f1o: <\/span><\/strong><\/p>\n<p><span class=\"a-list-item\">Con un borde ligeramente inclinado, garantiza que los rellenos se mantengan dentro de los l\u00edmites, combinando forma y funcionalidad. El borde grueso de la bandeja redonda para pizza a\u00f1ade integridad estructural, mientras que los lados lisos proporcionan un agarre seguro y c\u00f3modo, sin bordes afilados peligrosos.<\/span><\/p>\n<p><strong><span class=\"a-list-item\">Apto para horno:<\/span><\/strong><\/p>\n<p><span class=\"a-list-item\"> Nuestras bandejas para hornear pizza son aptas para su uso en hornos, lo que le permite hornear pizzas perfectas sin necesidad de salir de casa. Aptas para hornos hasta 450 \u00b0F.<\/span><\/p>\n<p><strong><span class=\"a-list-item\">Distribuci\u00f3n uniforme del calor: <\/span><\/strong><\/p>\n<p><span class=\"a-list-item\">Estas bandejas para hornear pizza cuentan con una excelente conductividad t\u00e9rmica, lo que garantiza un calentamiento uniforme para obtener una masa perfectamente cocida con una textura homog\u00e9nea.<\/span><\/p>\n<p><strong><span class=\"a-list-item\">Uso vers\u00e1til:<\/span><\/strong><\/p>\n<p><span class=\"a-list-item\">Adem\u00e1s de hacer pizzas, estas bandejas para pizza tambi\u00e9n se pueden utilizar para hornear galletas, asar verduras y otros fines de reposter\u00eda, lo que las hace muy vers\u00e1tiles.<\/span><\/p>\n<\/div>\n<\/div>\n<\/div>\n<\/div>","protected":false},"excerpt":{"rendered":"<table style=\"height: 304px\" width=\"672\">\n<tbody>\n<tr>\n<td>Modelo (n\u00famero de producto):<\/td>\n<td>AU-BP0022<\/td>\n<\/tr>\n<tr>\n<td>Tama\u00f1o del producto:<\/td>\n<td>37 \u00d7 1,5 cm<\/td>\n<\/tr>\n<tr>\n<td>Material del producto:<\/td>\n<td>Acero al carbono<\/td>\n<\/tr>\n<tr>\n<td>Color del producto:<\/td>\n<td>Personalizado<\/td>\n<\/tr>\n<tr>\n<td>Informaci\u00f3n sobre el empaque:<\/td>\n<td>12 piezas por caja<\/td>\n<\/tr>\n<tr>\n<td>Cantidad m\u00ednima de pedido:<\/td>\n<td>1800 unidades<\/td>\n<\/tr>\n<tr>\n<td>Origen:<\/td>\n<td>China<\/td>\n<\/tr>\n<tr>\n<td>Precio:<\/td>\n<td>Negociaci\u00f3n<\/td>\n<\/tr>\n<\/tbody>\n<\/table>\n<p>&nbsp;<\/p>","protected":false},"featured_media":7440,"comment_status":"open","ping_status":"closed","template":"","meta":{"_acf_changed":false},"product_brand":[],"product_cat":[44,18],"product_tag":[],"class_list":{"0":"post-7428","1":"product","2":"type-product","3":"status-publish","4":"has-post-thumbnail","6":"product_cat-baking-pan-bakeware","7":"product_cat-bakeware","8":"pif-has-gallery","10":"first","11":"instock","12":"shipping-taxable","13":"product-type-simple"},"acf":[],"_links":{"self":[{"href":"https:\/\/www.auspacekitchenware.com\/es\/wp-json\/wp\/v2\/product\/7428","targetHints":{"allow":["GET"]}}],"collection":[{"href":"https:\/\/www.auspacekitchenware.com\/es\/wp-json\/wp\/v2\/product"}],"about":[{"href":"https:\/\/www.auspacekitchenware.com\/es\/wp-json\/wp\/v2\/types\/product"}],"replies":[{"embeddable":true,"href":"https:\/\/www.auspacekitchenware.com\/es\/wp-json\/wp\/v2\/comments?post=7428"}],"wp:featuredmedia":[{"embeddable":true,"href":"https:\/\/www.auspacekitchenware.com\/es\/wp-json\/wp\/v2\/media\/7440"}],"wp:attachment":[{"href":"https:\/\/www.auspacekitchenware.com\/es\/wp-json\/wp\/v2\/media?parent=7428"}],"wp:term":[{"taxonomy":"product_brand","embeddable":true,"href":"https:\/\/www.auspacekitchenware.com\/es\/wp-json\/wp\/v2\/product_brand?post=7428"},{"taxonomy":"product_cat","embeddable":true,"href":"https:\/\/www.auspacekitchenware.com\/es\/wp-json\/wp\/v2\/product_cat?post=7428"},{"taxonomy":"product_tag","embeddable":true,"href":"https:\/\/www.auspacekitchenware.com\/es\/wp-json\/wp\/v2\/product_tag?post=7428"}],"curies":[{"name":"wp","href":"https:\/\/api.w.org\/{rel}","templated":true}]}}