{"id":7481,"date":"2025-06-25T09:56:25","date_gmt":"2025-06-25T09:56:25","guid":{"rendered":"https:\/\/auspacekitchenware.com\/?post_type=product&#038;p=7481"},"modified":"2025-06-26T02:01:04","modified_gmt":"2025-06-26T02:01:04","slug":"molde-para-hornear-clasico-al-por-mayor","status":"publish","type":"product","link":"https:\/\/www.auspacekitchenware.com\/es\/classic-baking-pan-wholesale\/","title":{"rendered":"Moldes para hornear cl\u00e1sicos al por mayor"},"content":{"rendered":"<p><strong>Dise\u00f1o antiadherente<\/strong><\/p>\n<p>El molde para hornear cl\u00e1sico est\u00e1 fabricado en acero al carbono resistente y sin BPA, y cuenta con un recubrimiento antiadherente que elimina la necesidad de utilizar mantequilla, aceite o aerosoles para cocinar. Esto garantiza que los alimentos se desprendan de forma r\u00e1pida y sin esfuerzo, lo que le permite disfrutar de sus delicias horneadas sin complicaciones. Adem\u00e1s, no emite olores desagradables durante el horneado.<\/p>\n<p><strong>Apto para horno<\/strong><\/p>\n<p>Este molde para hornear cl\u00e1sico es resistente al calor hasta temperaturas de 446 \u00b0F, lo que lo hace ideal para hornear una gran variedad de deliciosos dulces. Tanto si quieres preparar un delicioso chocolate fundido, galletas, cupcakes, tartas de manzana, brownies o pasteles de cumplea\u00f1os, este molde te permitir\u00e1 hacerlo todo con facilidad.<\/p>\n<p><strong>Asas de silicona resistentes al calor<\/strong><\/p>\n<p>Dise\u00f1ado pensando en la seguridad del usuario, el molde para hornear Classic cuenta con asas de silicona roja resistentes al calor que evitan quemaduras accidentales. Tambi\u00e9n es resistente a las manchas y f\u00e1cil de limpiar, ya que se puede lavar en el lavavajillas, aunque se recomienda lavarlo a mano para maximizar la vida \u00fatil del molde.<\/p>\n<p><strong>Dise\u00f1o que ahorra espacio<\/strong><\/p>\n<p>La bandeja para hornear Classic presenta un dise\u00f1o apilable, lo que permite guardarla c\u00f3modamente y ahorrar espacio en la cocina. Es totalmente compatible con hornos est\u00e1ndar y de convecci\u00f3n, lo que la convierte en un complemento vers\u00e1til para tus utensilios de reposter\u00eda. Adecuada no solo para el horno, sino tambi\u00e9n para el refrigerador y el congelador, esta bandeja es perfecta para todas tus necesidades de reposter\u00eda.<\/p>","protected":false},"excerpt":{"rendered":"<table style=\"height: 304px\" width=\"672\">\n<tbody>\n<tr>\n<td>Modelo (n\u00famero de producto):<\/td>\n<td>AU-BP0028<\/td>\n<\/tr>\n<tr>\n<td>Tama\u00f1o del producto:<\/td>\n<td>30 x 15 x 7 cm<\/td>\n<\/tr>\n<tr>\n<td>Material del producto:<\/td>\n<td>Acero al carbono<\/td>\n<\/tr>\n<tr>\n<td>Color del producto:<\/td>\n<td>Personalizado<\/td>\n<\/tr>\n<tr>\n<td>Informaci\u00f3n sobre el empaque:<\/td>\n<td>12 piezas por caja<\/td>\n<\/tr>\n<tr>\n<td>Cantidad m\u00ednima de pedido:<\/td>\n<td>3000 unidades<\/td>\n<\/tr>\n<tr>\n<td>Origen:<\/td>\n<td>China<\/td>\n<\/tr>\n<tr>\n<td>Precio:<\/td>\n<td>Negociaci\u00f3n<\/td>\n<\/tr>\n<\/tbody>\n<\/table>","protected":false},"featured_media":7482,"comment_status":"open","ping_status":"closed","template":"","meta":{"_acf_changed":false},"product_brand":[],"product_cat":[44,18],"product_tag":[],"class_list":{"0":"post-7481","1":"product","2":"type-product","3":"status-publish","4":"has-post-thumbnail","6":"product_cat-baking-pan-bakeware","7":"product_cat-bakeware","8":"pif-has-gallery","10":"first","11":"instock","12":"shipping-taxable","13":"product-type-simple"},"acf":[],"_links":{"self":[{"href":"https:\/\/www.auspacekitchenware.com\/es\/wp-json\/wp\/v2\/product\/7481","targetHints":{"allow":["GET"]}}],"collection":[{"href":"https:\/\/www.auspacekitchenware.com\/es\/wp-json\/wp\/v2\/product"}],"about":[{"href":"https:\/\/www.auspacekitchenware.com\/es\/wp-json\/wp\/v2\/types\/product"}],"replies":[{"embeddable":true,"href":"https:\/\/www.auspacekitchenware.com\/es\/wp-json\/wp\/v2\/comments?post=7481"}],"wp:featuredmedia":[{"embeddable":true,"href":"https:\/\/www.auspacekitchenware.com\/es\/wp-json\/wp\/v2\/media\/7482"}],"wp:attachment":[{"href":"https:\/\/www.auspacekitchenware.com\/es\/wp-json\/wp\/v2\/media?parent=7481"}],"wp:term":[{"taxonomy":"product_brand","embeddable":true,"href":"https:\/\/www.auspacekitchenware.com\/es\/wp-json\/wp\/v2\/product_brand?post=7481"},{"taxonomy":"product_cat","embeddable":true,"href":"https:\/\/www.auspacekitchenware.com\/es\/wp-json\/wp\/v2\/product_cat?post=7481"},{"taxonomy":"product_tag","embeddable":true,"href":"https:\/\/www.auspacekitchenware.com\/es\/wp-json\/wp\/v2\/product_tag?post=7481"}],"curies":[{"name":"wp","href":"https:\/\/api.w.org\/{rel}","templated":true}]}}