{"id":7756,"date":"2025-07-07T01:11:57","date_gmt":"2025-07-07T01:11:57","guid":{"rendered":"https:\/\/auspacekitchenware.com\/?post_type=product&#038;p=7756"},"modified":"2025-07-07T01:18:10","modified_gmt":"2025-07-07T01:18:10","slug":"taza-de-cafe-de-acero-inoxidable-al-por-mayor","status":"publish","type":"product","link":"https:\/\/www.auspacekitchenware.com\/es\/stainless-steel-coffee-mug-wholesale-wholesale\/","title":{"rendered":"Taza de caf\u00e9 de acero inoxidable al por mayor Al por mayor"},"content":{"rendered":"<p><strong>Un compa\u00f1ero elegante y con estilo<\/strong><br \/>\n\u00a1Te presentamos tu nueva compa\u00f1era de bebidas, la taza de caf\u00e9! Con su dise\u00f1o elegante y su forma ergon\u00f3mica, esta taza se adapta perfectamente a tu mano, haciendo que cada sorbo sea una experiencia deliciosa, tanto si est\u00e1s relaj\u00e1ndote en casa como si est\u00e1s pasando un d\u00eda ajetreado en la oficina.<\/p>\n<p><strong>La magia del control de temperatura<\/strong><br \/>\n\u00a1Mejora tu experiencia al beber con la taza de caf\u00e9! Dise\u00f1ada con un innovador aislamiento al vac\u00edo, esta taza mantiene tus bebidas favoritas a la temperatura perfecta durante horas. Disfruta de tu caf\u00e9 matutino bien caliente o saborea una limonada helada durante una c\u00e1lida tarde: \u00a1esta taza te lo pone f\u00e1cil!<\/p>\n<p><strong>Caracter\u00edsticas preparadas para la aventura<\/strong><br \/>\n\u00bfTe preocupan los derrames cuando est\u00e1s fuera de casa? \u00a1La taza de caf\u00e9 es tu fiel compa\u00f1era! Su tapa antiderrames te garantiza que podr\u00e1s disfrutar de tus bebidas sin miedo a que se derramen, lo que la hace ideal para todo, desde los desplazamientos diarios al trabajo hasta las aventuras de fin de semana al aire libre.<\/p>\n<p><strong>Perfecto para cualquier estilo de vida<\/strong><br \/>\nYa sea que est\u00e9s trabajando duro en un d\u00eda ajetreado o disfrutando de un fin de semana tranquilo, la taza de caf\u00e9 es lo suficientemente vers\u00e1til para todas las ocasiones. Desde un rico chocolate caliente hasta un refrescante t\u00e9 helado, esta taza complementa tu estilo de vida y te mantiene hidratado con estilo.<\/p>\n<p><strong>Una elecci\u00f3n de regalo bien pensada<\/strong><br \/>\n\u00bfBuscas el regalo perfecto? La taza de caf\u00e9 no solo es pr\u00e1ctica, sino que tambi\u00e9n es lo suficientemente elegante como para impresionar a tus amigos, familiares o compa\u00f1eros de trabajo en cualquier ocasi\u00f3n especial. Su dise\u00f1o \u00fanico y su funcionalidad la convierten en un regalo encantador que todos apreciar\u00e1n.<\/p>","protected":false},"excerpt":{"rendered":"<table style=\"height: 304px\" width=\"672\">\n<tbody>\n<tr>\n<td>Modelo (n\u00famero de producto):<\/td>\n<td>AU-BT0055<\/td>\n<\/tr>\n<tr>\n<td>Tama\u00f1o del producto:<\/td>\n<td>\u00a08,8 \u00d7 19,2 cm, 340 g<\/td>\n<\/tr>\n<tr>\n<td>Material del producto:<\/td>\n<td>Interior S\/S304 + exterior S\/S201<\/td>\n<\/tr>\n<tr>\n<td>Color del producto:<\/td>\n<td>Personalizado<\/td>\n<\/tr>\n<tr>\n<td>Informaci\u00f3n sobre el empaque:<\/td>\n<td>12 piezas por caja<\/td>\n<\/tr>\n<tr>\n<td>Cantidad m\u00ednima de pedido:<\/td>\n<td>3000 unidades<\/td>\n<\/tr>\n<tr>\n<td>Origen:<\/td>\n<td>China<\/td>\n<\/tr>\n<tr>\n<td>Precio:<\/td>\n<td>Negociaci\u00f3n<\/td>\n<\/tr>\n<\/tbody>\n<\/table>","protected":false},"featured_media":7757,"comment_status":"open","ping_status":"closed","template":"","meta":{"_acf_changed":false},"product_brand":[],"product_cat":[97,20],"product_tag":[],"class_list":{"0":"post-7756","1":"product","2":"type-product","3":"status-publish","4":"has-post-thumbnail","6":"product_cat-stainless-steel-coffee-mug","7":"product_cat-water-bottles","8":"pif-has-gallery","10":"first","11":"instock","12":"shipping-taxable","13":"product-type-simple"},"acf":[],"_links":{"self":[{"href":"https:\/\/www.auspacekitchenware.com\/es\/wp-json\/wp\/v2\/product\/7756","targetHints":{"allow":["GET"]}}],"collection":[{"href":"https:\/\/www.auspacekitchenware.com\/es\/wp-json\/wp\/v2\/product"}],"about":[{"href":"https:\/\/www.auspacekitchenware.com\/es\/wp-json\/wp\/v2\/types\/product"}],"replies":[{"embeddable":true,"href":"https:\/\/www.auspacekitchenware.com\/es\/wp-json\/wp\/v2\/comments?post=7756"}],"wp:featuredmedia":[{"embeddable":true,"href":"https:\/\/www.auspacekitchenware.com\/es\/wp-json\/wp\/v2\/media\/7757"}],"wp:attachment":[{"href":"https:\/\/www.auspacekitchenware.com\/es\/wp-json\/wp\/v2\/media?parent=7756"}],"wp:term":[{"taxonomy":"product_brand","embeddable":true,"href":"https:\/\/www.auspacekitchenware.com\/es\/wp-json\/wp\/v2\/product_brand?post=7756"},{"taxonomy":"product_cat","embeddable":true,"href":"https:\/\/www.auspacekitchenware.com\/es\/wp-json\/wp\/v2\/product_cat?post=7756"},{"taxonomy":"product_tag","embeddable":true,"href":"https:\/\/www.auspacekitchenware.com\/es\/wp-json\/wp\/v2\/product_tag?post=7756"}],"curies":[{"name":"wp","href":"https:\/\/api.w.org\/{rel}","templated":true}]}}