{"id":7774,"date":"2025-07-07T01:56:04","date_gmt":"2025-07-07T01:56:04","guid":{"rendered":"https:\/\/auspacekitchenware.com\/?post_type=product&#038;p=7774"},"modified":"2025-07-07T01:57:38","modified_gmt":"2025-07-07T01:57:38","slug":"insulated-coffee-mug-wholesale","status":"publish","type":"product","link":"https:\/\/www.auspacekitchenware.com\/es\/insulated-coffee-mug-wholesale\/","title":{"rendered":"Insulated Coffee Mug Wholesale"},"content":{"rendered":"<div class=\"auto-hide-last-sibling-br paragraph-Oc488D paragraph-element br-paragraph-space\">\n<p><strong><span class=\"a-list-item\">Mant\u00e9n el caf\u00e9 caliente o fr\u00edo durante horas:<\/span><\/strong><\/p>\n<p><span class=\"a-list-item\">La taza de caf\u00e9 aislada est\u00e1 dise\u00f1ada con aislamiento al vac\u00edo de doble pared que mantiene tu caf\u00e9, t\u00e9 o cualquier otra bebida caliente o fr\u00eda a la temperatura perfecta durante m\u00e1s tiempo. Mantiene tus bebidas calientes hasta 8 horas y tus bebidas fr\u00edas hasta 6 horas, lo que te permite disfrutar de tu bebida favorita en cualquier momento del d\u00eda.<\/span><\/p>\n<p><strong><span class=\"a-list-item\">Material sanitario: <\/span><\/strong><\/p>\n<p><span class=\"a-list-item\">El interior de nuestra taza de caf\u00e9 aislada est\u00e1 fabricado en acero inoxidable 304, un material de alta calidad y apto para uso alimentario que garantiza que tu bebida se mantenga segura y saludable, adem\u00e1s de resistente al \u00f3xido. Una funda de silicona recubre el termo para proporcionar un agarre c\u00f3modo y antideslizante. Sin BPA y seguro para ti y para el medio ambiente.<\/span><\/p>\n<p><strong><span class=\"a-list-item\">A prueba de fugas y derrames:<\/span><\/strong><\/p>\n<p><span class=\"a-list-item\"> La taza de caf\u00e9 aislada viene con una tapa herm\u00e9tica atornillable que garantiza que tu bebida no se derrame si se vuelca o se guarda en una bolsa. La tapa tiene un cierre herm\u00e9tico con un anillo de sellado para evitar fugas y derrames, y es f\u00e1cil de atornillar y desatornillar. El orificio para beber en la parte superior hace que beber sea f\u00e1cil y c\u00f3modo.<\/span><\/p>\n<p><strong><span class=\"a-list-item\">Capacidad perfecta:<\/span><\/strong><\/p>\n<p><span class=\"a-list-item\"> Nuestra taza de caf\u00e9 aislada tiene el tama\u00f1o perfecto para tus necesidades diarias de caf\u00e9. Con una capacidad de 16 oz, no es ni demasiado grande ni demasiado peque\u00f1a, sino que tiene la capacidad justa para mantenerte con energ\u00eda durante todo el d\u00eda. Su dise\u00f1o peque\u00f1o y bonito hace que sea f\u00e1cil de llevar contigo a cualquier lugar, ya sea al trabajo o de viaje. Adem\u00e1s, cabe en la mayor\u00eda de los portavasos de los coches y cafeteras.<\/span><\/p>\n<p><strong><span class=\"a-list-item\">F\u00e1cil de lavar: <\/span><\/strong><\/p>\n<p><span class=\"a-list-item\">El dise\u00f1o de la taza de caf\u00e9 aislada con una gran abertura facilita su lavado. Sin embargo, recomendamos lavarla solo a mano y no utilizar el lavavajillas. Adem\u00e1s, no la introduzca en el microondas.<\/span><\/p>\n<p><strong><span class=\"a-list-item\">Gran idea para un regalo: <\/span><\/strong><\/p>\n<p><span class=\"a-list-item\">Esta taza de caf\u00e9 aislante es un excelente regalo para familiares y amigos, perfecta para cumplea\u00f1os, Acci\u00f3n de Gracias, Navidad, San Valent\u00edn y mucho m\u00e1s. Si tienes alguna pregunta durante el proceso de compra o de regalo, ponte en contacto con nosotros, \u00a1estaremos encantados de ayudarte!<\/span><\/p>\n<\/div>","protected":false},"excerpt":{"rendered":"<table style=\"height: 304px\" width=\"672\">\n<tbody>\n<tr>\n<td>Modelo (n\u00famero de producto):<\/td>\n<td>AU-BT0058<\/td>\n<\/tr>\n<tr>\n<td>Tama\u00f1o del producto:<\/td>\n<td>7*16cm,350ml<\/td>\n<\/tr>\n<tr>\n<td>Material del producto:<\/td>\n<td>Interior S\/S304 + exterior S\/S201<\/td>\n<\/tr>\n<tr>\n<td>Color del producto:<\/td>\n<td>Personalizado<\/td>\n<\/tr>\n<tr>\n<td>Informaci\u00f3n sobre el empaque:<\/td>\n<td>12 piezas por caja<\/td>\n<\/tr>\n<tr>\n<td>Cantidad m\u00ednima de pedido:<\/td>\n<td>3000 unidades<\/td>\n<\/tr>\n<tr>\n<td>Origen:<\/td>\n<td>China<\/td>\n<\/tr>\n<tr>\n<td>Precio:<\/td>\n<td>Negociaci\u00f3n<\/td>\n<\/tr>\n<\/tbody>\n<\/table>","protected":false},"featured_media":7775,"comment_status":"open","ping_status":"closed","template":"","meta":{"_acf_changed":false},"product_brand":[],"product_cat":[97,20],"product_tag":[],"class_list":{"0":"post-7774","1":"product","2":"type-product","3":"status-publish","4":"has-post-thumbnail","6":"product_cat-stainless-steel-coffee-mug","7":"product_cat-water-bottles","8":"pif-has-gallery","10":"first","11":"instock","12":"shipping-taxable","13":"product-type-simple"},"acf":[],"_links":{"self":[{"href":"https:\/\/www.auspacekitchenware.com\/es\/wp-json\/wp\/v2\/product\/7774","targetHints":{"allow":["GET"]}}],"collection":[{"href":"https:\/\/www.auspacekitchenware.com\/es\/wp-json\/wp\/v2\/product"}],"about":[{"href":"https:\/\/www.auspacekitchenware.com\/es\/wp-json\/wp\/v2\/types\/product"}],"replies":[{"embeddable":true,"href":"https:\/\/www.auspacekitchenware.com\/es\/wp-json\/wp\/v2\/comments?post=7774"}],"wp:featuredmedia":[{"embeddable":true,"href":"https:\/\/www.auspacekitchenware.com\/es\/wp-json\/wp\/v2\/media\/7775"}],"wp:attachment":[{"href":"https:\/\/www.auspacekitchenware.com\/es\/wp-json\/wp\/v2\/media?parent=7774"}],"wp:term":[{"taxonomy":"product_brand","embeddable":true,"href":"https:\/\/www.auspacekitchenware.com\/es\/wp-json\/wp\/v2\/product_brand?post=7774"},{"taxonomy":"product_cat","embeddable":true,"href":"https:\/\/www.auspacekitchenware.com\/es\/wp-json\/wp\/v2\/product_cat?post=7774"},{"taxonomy":"product_tag","embeddable":true,"href":"https:\/\/www.auspacekitchenware.com\/es\/wp-json\/wp\/v2\/product_tag?post=7774"}],"curies":[{"name":"wp","href":"https:\/\/api.w.org\/{rel}","templated":true}]}}