{"id":7963,"date":"2025-07-09T03:11:49","date_gmt":"2025-07-09T03:11:49","guid":{"rendered":"https:\/\/auspacekitchenware.com\/?post_type=product&#038;p=7963"},"modified":"2025-08-13T02:35:39","modified_gmt":"2025-08-13T02:35:39","slug":"2-2mm-tri-ply-stainless-steel-luxclad-series-wholesale-2","status":"publish","type":"product","link":"https:\/\/www.auspacekitchenware.com\/es\/2-2mm-tri-ply-stainless-steel-luxclad-series-wholesale-2\/","title":{"rendered":"2.2MM three-layer stainless steel LUXCLAD series Supplier"},"content":{"rendered":"<p><strong><span class=\"a-list-item\">ACERO INOXIDABLE DE GRADO ALIMENTICIO Y RESISTENTE: <\/span><\/strong><\/p>\n<p><span class=\"a-list-item\">La serie LUXCLAD de acero inoxidable de triple capa est\u00e1 fabricada con acero inoxidable 18\/10 de primera calidad apto para uso alimentario.<\/span><\/p>\n<p><strong><span class=\"a-list-item\">CALEFACCI\u00d3N UNIFORME: <\/span><\/strong><\/p>\n<p><span class=\"a-list-item\">Esta SERIE LUXCLAD DE ACERO INOXIDABLE DE TRIPLE CAPA est\u00e1 fabricada con acero inoxidable de triple capa totalmente revestido, lo que garantiza un calentamiento uniforme y elimina los puntos calientes. Apta para todo tipo de cocinas, como las de inducci\u00f3n, gas, el\u00e9ctricas y hal\u00f3genas.<\/span><\/p>\n<p><strong><span class=\"a-list-item\">CARACTER\u00cdSTICAS: <\/span><\/strong><\/p>\n<p><span class=\"a-list-item\">Los remaches dobles fijan el mango firmemente a la sart\u00e9n, lo que la hace segura y duradera. El mango que no se calienta y ofrece un agarre perfecto permite manejarla c\u00f3modamente mientras se cocina. La tapa de acero inoxidable proporciona hermeticidad y es f\u00e1cil de limpiar.<\/span><\/p>\n<p><strong><span class=\"a-list-item\">JUEGO DE 4 UTENSILIOS DE COCINA: <\/span><\/strong><\/p>\n<p><span class=\"a-list-item\">Esta SERIE LUXCLAD DE ACERO INOXIDABLE DE TRIPLE CAPA incluye sartenes de 20 y 25 cm; cacerolas de 1,5 y 3 litros con tapa; olla de 6 litros con tapa y agarrador de 17 cm, apta para todos los m\u00e9todos de cocci\u00f3n y el uso diario en la cocina.<\/span><\/p>","protected":false},"excerpt":{"rendered":"<table style=\"height: 304px\" width=\"672\">\n<tbody>\n<tr>\n<td>Modelo (n\u00famero de producto):<\/td>\n<td>AU-CW0016<\/td>\n<\/tr>\n<tr>\n<td>Tama\u00f1o del producto:<\/td>\n<td>Cacerola para leche de 16 x 8,5 cm<br \/>\nCacerola de 24 x 10,5 cm<br \/>\nCacerola poco profunda de 24 x 7 cm<br \/>\nSart\u00e9n de 24 x 5 cm<br \/>\n\u00d816 x h8,5 cm Tapa Lieel<\/td>\n<\/tr>\n<tr>\n<td>Material del producto:<\/td>\n<td>ACERO INOXIDABLE<\/td>\n<\/tr>\n<tr>\n<td>Color del producto:<\/td>\n<td>Personalizado<\/td>\n<\/tr>\n<tr>\n<td>Informaci\u00f3n sobre el empaque:<\/td>\n<td>4 piezas por caja<\/td>\n<\/tr>\n<tr>\n<td>Cantidad m\u00ednima de pedido:<\/td>\n<td>1200 unidades<\/td>\n<\/tr>\n<tr>\n<td>Origen:<\/td>\n<td>China<\/td>\n<\/tr>\n<tr>\n<td>Precio:<\/td>\n<td>Negociaci\u00f3n<\/td>\n<\/tr>\n<\/tbody>\n<\/table>\n<p>&nbsp;<\/p>","protected":false},"featured_media":7965,"comment_status":"open","ping_status":"closed","template":"","meta":{"_acf_changed":false},"product_brand":[],"product_cat":[112,113],"product_tag":[],"class_list":{"0":"post-7963","1":"product","2":"type-product","3":"status-publish","4":"has-post-thumbnail","6":"product_cat-cookware","7":"product_cat-cookware-set","8":"pif-has-gallery","10":"first","11":"instock","12":"shipping-taxable","13":"product-type-simple"},"acf":[],"_links":{"self":[{"href":"https:\/\/www.auspacekitchenware.com\/es\/wp-json\/wp\/v2\/product\/7963","targetHints":{"allow":["GET"]}}],"collection":[{"href":"https:\/\/www.auspacekitchenware.com\/es\/wp-json\/wp\/v2\/product"}],"about":[{"href":"https:\/\/www.auspacekitchenware.com\/es\/wp-json\/wp\/v2\/types\/product"}],"replies":[{"embeddable":true,"href":"https:\/\/www.auspacekitchenware.com\/es\/wp-json\/wp\/v2\/comments?post=7963"}],"wp:featuredmedia":[{"embeddable":true,"href":"https:\/\/www.auspacekitchenware.com\/es\/wp-json\/wp\/v2\/media\/7965"}],"wp:attachment":[{"href":"https:\/\/www.auspacekitchenware.com\/es\/wp-json\/wp\/v2\/media?parent=7963"}],"wp:term":[{"taxonomy":"product_brand","embeddable":true,"href":"https:\/\/www.auspacekitchenware.com\/es\/wp-json\/wp\/v2\/product_brand?post=7963"},{"taxonomy":"product_cat","embeddable":true,"href":"https:\/\/www.auspacekitchenware.com\/es\/wp-json\/wp\/v2\/product_cat?post=7963"},{"taxonomy":"product_tag","embeddable":true,"href":"https:\/\/www.auspacekitchenware.com\/es\/wp-json\/wp\/v2\/product_tag?post=7963"}],"curies":[{"name":"wp","href":"https:\/\/api.w.org\/{rel}","templated":true}]}}