{"id":8402,"date":"2025-07-22T09:52:28","date_gmt":"2025-07-22T09:52:28","guid":{"rendered":"https:\/\/auspacekitchenware.com\/?post_type=product&#038;p=8402"},"modified":"2025-07-23T07:24:05","modified_gmt":"2025-07-23T07:24:05","slug":"juego-de-utensilios-de-cocina-de-aluminio-verde-con-tapas-de-vidrio","status":"publish","type":"product","link":"https:\/\/www.auspacekitchenware.com\/es\/fresh-green-aluminum-cookware-set-with-glass-lids\/","title":{"rendered":"OEM: Juego de utensilios de cocina de aluminio verde personalizado con tapas de vidrio"},"content":{"rendered":"<h2><strong>Aspecto verde fresco<\/strong>\u00a0:<\/h2>\n<p>Este juego de utensilios de cocina de aluminio verde fresco con tapas de vidrio luce un alegre color verde fresco. Aporta una sensaci\u00f3n de vitalidad y naturaleza a tu cocina, haciendo que cocinar sea una experiencia m\u00e1s refrescante y agradable.<\/p>\n<h2><strong>Material de aluminio<\/strong>\u00a0:<\/h2>\n<p>Fabricado en aluminio, este juego de utensilios de cocina de aluminio verde con tapas de vidrio ofrece una excelente conductividad t\u00e9rmica. Garantiza que el calor se distribuya de manera uniforme por toda la superficie de cocci\u00f3n, lo que permite que los alimentos se cocinen a fondo y de manera uniforme, ya sea que los fr\u00edas, hiervas o cocines a fuego lento.<\/p>\n<h2><strong>Tapas de vidrio para un monitoreo conveniente<\/strong>\u00a0:<\/h2>\n<p>Equipado con tapas de vidrio, este juego de utensilios de cocina de aluminio verde fresco con tapas de vidrio le permite supervisar el proceso de cocci\u00f3n sin levantar la tapa. Puede comprobar f\u00e1cilmente el progreso de sus platos, asegur\u00e1ndose de que se cocinen al nivel de perfecci\u00f3n deseado.<\/p>\n<h2><strong>Asas ergon\u00f3micas<\/strong>\u00a0:<\/h2>\n<p>Los utensilios de cocina de este juego de aluminio verde con tapas de vidrio vienen con manijas ergon\u00f3micas. Estas manijas est\u00e1n dise\u00f1adas para ofrecer un agarre c\u00f3modo y seguro, lo que facilita el manejo de las ollas y sartenes mientras se cocina. Las manijas tambi\u00e9n se mantienen fr\u00edas durante la cocci\u00f3n (cuando se utilizan en estufas adecuadas), lo que evita quemaduras y garantiza un manejo seguro.<\/p>\n<h3 class=\"header-vfC6AV auto-hide-last-sibling-br\"><\/h3>","protected":false},"excerpt":{"rendered":"<table style=\"height: 304px\" width=\"672\">\n<tbody>\n<tr>\n<td>Modelo (n\u00famero de producto):<\/td>\n<td>AU-CW0035<\/td>\n<\/tr>\n<tr>\n<td>Tama\u00f1o del producto:<\/td>\n<td>Sart\u00e9n 20 cm\/24 cm\/28 cm<br \/>\nSart\u00e9n con tapa de 28 cm<br \/>\nCacerola con tapa de 16 cm\/20 cm<br \/>\nCacerola con tapa de 24 cm<\/td>\n<\/tr>\n<tr>\n<td>Material del producto:<\/td>\n<td>Aluminio<\/td>\n<\/tr>\n<tr>\n<td>Color del producto:<\/td>\n<td>Personalizado<\/td>\n<\/tr>\n<tr>\n<td>Informaci\u00f3n sobre el empaque:<\/td>\n<td>2 juegos por caja<\/td>\n<\/tr>\n<tr>\n<td>Cantidad m\u00ednima de pedido:<\/td>\n<td>1000 unidades<\/td>\n<\/tr>\n<tr>\n<td>Origen:<\/td>\n<td>China<\/td>\n<\/tr>\n<tr>\n<td>Precio:<\/td>\n<td>Negociaci\u00f3n<\/td>\n<\/tr>\n<\/tbody>\n<\/table>\n<p>&nbsp;<\/p>","protected":false},"featured_media":8403,"comment_status":"open","ping_status":"closed","template":"","meta":{"_acf_changed":false},"product_brand":[],"product_cat":[113,112],"product_tag":[],"class_list":{"0":"post-8402","1":"product","2":"type-product","3":"status-publish","4":"has-post-thumbnail","6":"product_cat-cookware-set","7":"product_cat-cookware","8":"pif-has-gallery","10":"first","11":"instock","12":"shipping-taxable","13":"product-type-simple"},"acf":[],"_links":{"self":[{"href":"https:\/\/www.auspacekitchenware.com\/es\/wp-json\/wp\/v2\/product\/8402","targetHints":{"allow":["GET"]}}],"collection":[{"href":"https:\/\/www.auspacekitchenware.com\/es\/wp-json\/wp\/v2\/product"}],"about":[{"href":"https:\/\/www.auspacekitchenware.com\/es\/wp-json\/wp\/v2\/types\/product"}],"replies":[{"embeddable":true,"href":"https:\/\/www.auspacekitchenware.com\/es\/wp-json\/wp\/v2\/comments?post=8402"}],"wp:featuredmedia":[{"embeddable":true,"href":"https:\/\/www.auspacekitchenware.com\/es\/wp-json\/wp\/v2\/media\/8403"}],"wp:attachment":[{"href":"https:\/\/www.auspacekitchenware.com\/es\/wp-json\/wp\/v2\/media?parent=8402"}],"wp:term":[{"taxonomy":"product_brand","embeddable":true,"href":"https:\/\/www.auspacekitchenware.com\/es\/wp-json\/wp\/v2\/product_brand?post=8402"},{"taxonomy":"product_cat","embeddable":true,"href":"https:\/\/www.auspacekitchenware.com\/es\/wp-json\/wp\/v2\/product_cat?post=8402"},{"taxonomy":"product_tag","embeddable":true,"href":"https:\/\/www.auspacekitchenware.com\/es\/wp-json\/wp\/v2\/product_tag?post=8402"}],"curies":[{"name":"wp","href":"https:\/\/api.w.org\/{rel}","templated":true}]}}