{"id":8616,"date":"2025-07-29T06:59:07","date_gmt":"2025-07-29T06:59:07","guid":{"rendered":"https:\/\/auspacekitchenware.com\/?post_type=product&#038;p=8616"},"modified":"2025-07-29T07:12:01","modified_gmt":"2025-07-29T07:12:01","slug":"juego-de-utensilios-de-cocina-de-aluminio-fundido-a-presion-al-por-mayor-2","status":"publish","type":"product","link":"https:\/\/www.auspacekitchenware.com\/es\/die-cast-aluminum-cookware-set-wholesale-2\/","title":{"rendered":"Juego de utensilios de cocina de aluminio fundido al por mayor"},"content":{"rendered":"<h3 data-sourcepos=\"6:1-6:67\">Cinco tama\u00f1os vers\u00e1tiles: desde peque\u00f1os lotes hasta reuniones familiares<\/h3>\n<p data-sourcepos=\"8:1-8:87\">Cada cacerola del juego de utensilios de cocina de aluminio fundido tiene una funci\u00f3n espec\u00edfica, adaptada a sus necesidades culinarias:<\/p>\n<ul data-sourcepos=\"9:1-13:207\">\n<li data-sourcepos=\"9:1-9:194\">La cazuela de 20 \u00d7 8,3 cm es perfecta para porciones peque\u00f1as, como sopas cremosas, chocolate fundido o guarniciones de verduras asadas. Su tama\u00f1o compacto la hace ideal para las cenas entre semana o las comidas individuales.<\/li>\n<li data-sourcepos=\"10:1-10:189\">La opci\u00f3n de 24 \u00d7 10,5 cm es ideal para platos medianos, como chili sustancioso, pollo estofado o pasta al horno. Es perfecta para alimentar a 3-4 personas, lo que la convierte en la opci\u00f3n ideal para las cenas familiares.<\/li>\n<li data-sourcepos=\"11:1-11:187\">La cacerola poco profunda de 28 x 7 cm es ideal para asar y hornear. \u00dasela para preparar verduras asadas crujientes, filetes de pescado o platos en capas como la lasa\u00f1a: su amplia superficie garantiza un dorado uniforme.<\/li>\n<li data-sourcepos=\"12:1-12:199\">La cacerola m\u00e1s profunda, de 28 \u00d7 11,1 cm, est\u00e1 dise\u00f1ada para cocciones largas y lentas. Es perfecta para guisar estofados, carne de cerdo desmenuzada o grandes cantidades de sopa, ya que retiene la humedad para mantener la carne tierna y las salsas espesas.<\/li>\n<li data-sourcepos=\"13:1-13:207\">La enorme cacerola de 32 \u00d7 13,1 cm es el centro de atenci\u00f3n en cualquier reuni\u00f3n. Tiene capacidad para una pechuga de pavo asada entera, una olla grande de gumbo o una lasa\u00f1a familiar, ideal para d\u00edas festivos, fiestas o brunchs dominicales.<\/li>\n<\/ul>\n<p data-sourcepos=\"15:1-15:119\">Todos los tama\u00f1os comparten la misma estructura de aluminio fundido de alta resistencia, por lo que obtienes un rendimiento constante independientemente de la comida.<\/p>\n<h3 data-sourcepos=\"18:1-18:65\">Recubrimiento cer\u00e1mico antiadherente: cocina sin esfuerzo, limpia f\u00e1cilmente.<\/h3>\n<p data-sourcepos=\"20:1-20:673\">En el juego de utensilios de cocina de aluminio fundido, el revestimiento interior cer\u00e1mico antiadherente supone una revoluci\u00f3n para las cocinas m\u00e1s ajetreadas. Permite que los alimentos se desprendan f\u00e1cilmente, ya sea al dorar carne, remover salsa u hornear guisos, lo que elimina la frustraci\u00f3n de los restos pegados. El revestimiento no es t\u00f3xico y es resistente a los rayones (aunque se recomienda utilizar utensilios de silicona o madera para preservar su vida \u00fatil), por lo que puedes cocinar con tranquilidad. En el exterior, un recubrimiento resistente al calor protege contra las astillas, la decoloraci\u00f3n y el desgaste, manteniendo tus guisos como nuevos incluso despu\u00e9s de a\u00f1os de uso. La limpieza tambi\u00e9n es sencilla: basta con pasar una esponja h\u00fameda o lavar a mano con cuidado (evita los abrasivos fuertes) y tus sartenes estar\u00e1n listas para la pr\u00f3xima vez.<\/p>\n<h3 data-sourcepos=\"23:1-23:45\">Tapas de vidrio: controle sin perder calor<\/h3>\n<p data-sourcepos=\"25:1-25:467\">Cada cacerola del juego de utensilios de cocina de aluminio fundido viene con una tapa de vidrio templado que le permite ver c\u00f3mo va la cocci\u00f3n sin levantar la tapa (y perder el preciado calor o la humedad). Su dise\u00f1o herm\u00e9tico retiene el vapor, lo que garantiza que tus platos se mantengan jugosos y sabrosos, tanto si est\u00e1s cocinando un guiso a fuego lento como si est\u00e1s horneando una cazuela con queso. El vidrio es duradero y resistente al calor, por lo que no tienes que preocuparte de que se rompa, y el mango ergon\u00f3mico se mantiene fr\u00edo al tacto para un uso seguro y c\u00f3modo.<\/p>\n<h3 data-sourcepos=\"28:1-28:47\">Dise\u00f1ado para durar: un elemento b\u00e1sico en la cocina durante a\u00f1os<\/h3>\n<p data-sourcepos=\"30:1-30:528\">El aluminio fundido a presi\u00f3n es conocido por su resistencia, y este juego de utensilios de cocina de aluminio fundido a presi\u00f3n est\u00e1 fabricado para soportar el uso diario. Su construcci\u00f3n de gran espesor evita que se deforme, incluso a altas temperaturas, y los recubrimientos est\u00e1n dise\u00f1ados para resistir el desgaste. Aunque el juego no es compatible con la inducci\u00f3n (ideal para estufas de gas y el\u00e9ctricas), su base estable garantiza que se mantenga en su sitio durante la cocci\u00f3n. Desde comidas r\u00e1pidas entre semana hasta reuniones elaboradas, este juego de cazuelas es un compa\u00f1ero fiable que crecer\u00e1 con tu cocina, lo que lo convierte en un elemento imprescindible para cualquier cocinero casero.<\/p>","protected":false},"excerpt":{"rendered":"<table style=\"height: 304px\" width=\"672\">\n<tbody>\n<tr>\n<td>Modelo (n\u00famero de producto):<\/td>\n<td>AU-CW0051<\/td>\n<\/tr>\n<tr>\n<td>Tama\u00f1o del producto:<\/td>\n<td>\n<table style=\"border-collapse: collapse;width: 129px;height: 120px\" border=\"0\" width=\"72\" cellspacing=\"0\" cellpadding=\"0\">\n<tbody>\n<tr style=\"height: 13.50pt\">\n<td style=\"height: 13.50pt;width: 54.00pt\" width=\"72\" height=\"18\">20 x 8,3 cm<\/td>\n<\/tr>\n<tr style=\"height: 13.50pt\">\n<td style=\"height: 13.50pt\" height=\"18\">24 x 10,5 cm<\/td>\n<\/tr>\n<tr style=\"height: 13.50pt\">\n<td style=\"height: 13.50pt\" height=\"18\">28 x 7 cm<\/td>\n<\/tr>\n<tr style=\"height: 13.50pt\">\n<td style=\"height: 13.50pt\" height=\"18\">28 x 11,1 cm<\/td>\n<\/tr>\n<tr style=\"height: 13.50pt\">\n<td style=\"height: 13.50pt\" height=\"18\">32 x 13,1 cm<\/td>\n<\/tr>\n<\/tbody>\n<\/table>\n<\/td>\n<\/tr>\n<tr>\n<td>Material del producto:<\/td>\n<td>Aluminio<\/td>\n<\/tr>\n<tr>\n<td>Color del producto:<\/td>\n<td>Personalizado<\/td>\n<\/tr>\n<tr>\n<td>Informaci\u00f3n sobre el empaque:<\/td>\n<td>4 juegos por caja<\/td>\n<\/tr>\n<tr>\n<td>Cantidad m\u00ednima de pedido:<\/td>\n<td>1200 unidades<\/td>\n<\/tr>\n<tr>\n<td>Origen:<\/td>\n<td>China<\/td>\n<\/tr>\n<tr>\n<td>Precio:<\/td>\n<td>Negociaci\u00f3n<\/td>\n<\/tr>\n<\/tbody>\n<\/table>\n<p>&nbsp;<\/p>","protected":false},"featured_media":8624,"comment_status":"open","ping_status":"closed","template":"","meta":{"_acf_changed":false},"product_brand":[],"product_cat":[112,113],"product_tag":[],"class_list":{"0":"post-8616","1":"product","2":"type-product","3":"status-publish","4":"has-post-thumbnail","6":"product_cat-cookware","7":"product_cat-cookware-set","8":"pif-has-gallery","10":"first","11":"instock","12":"shipping-taxable","13":"product-type-simple"},"acf":[],"_links":{"self":[{"href":"https:\/\/www.auspacekitchenware.com\/es\/wp-json\/wp\/v2\/product\/8616","targetHints":{"allow":["GET"]}}],"collection":[{"href":"https:\/\/www.auspacekitchenware.com\/es\/wp-json\/wp\/v2\/product"}],"about":[{"href":"https:\/\/www.auspacekitchenware.com\/es\/wp-json\/wp\/v2\/types\/product"}],"replies":[{"embeddable":true,"href":"https:\/\/www.auspacekitchenware.com\/es\/wp-json\/wp\/v2\/comments?post=8616"}],"wp:featuredmedia":[{"embeddable":true,"href":"https:\/\/www.auspacekitchenware.com\/es\/wp-json\/wp\/v2\/media\/8624"}],"wp:attachment":[{"href":"https:\/\/www.auspacekitchenware.com\/es\/wp-json\/wp\/v2\/media?parent=8616"}],"wp:term":[{"taxonomy":"product_brand","embeddable":true,"href":"https:\/\/www.auspacekitchenware.com\/es\/wp-json\/wp\/v2\/product_brand?post=8616"},{"taxonomy":"product_cat","embeddable":true,"href":"https:\/\/www.auspacekitchenware.com\/es\/wp-json\/wp\/v2\/product_cat?post=8616"},{"taxonomy":"product_tag","embeddable":true,"href":"https:\/\/www.auspacekitchenware.com\/es\/wp-json\/wp\/v2\/product_tag?post=8616"}],"curies":[{"name":"wp","href":"https:\/\/api.w.org\/{rel}","templated":true}]}}