{"id":8801,"date":"2025-08-04T08:45:34","date_gmt":"2025-08-04T08:45:34","guid":{"rendered":"https:\/\/auspacekitchenware.com\/?post_type=product&#038;p=8801"},"modified":"2025-08-04T09:05:22","modified_gmt":"2025-08-04T09:05:22","slug":"juego-de-utensilios-de-cocina-de-aluminio-prensado-al-por-mayor","status":"publish","type":"product","link":"https:\/\/www.auspacekitchenware.com\/es\/pressed-aluminum-cookware-set-wholesale\/","title":{"rendered":"Juego de utensilios de cocina de aluminio prensado al por mayor"},"content":{"rendered":"<h3 data-sourcepos=\"5:1-6:703\"><strong data-sourcepos=\"5:1-5:36\">Tallas a la medida para cualquier ocasi\u00f3n<\/strong><\/h3>\n<p data-sourcepos=\"5:1-6:703\">Cada pieza de este juego de utensilios de cocina de aluminio prensado tiene el tama\u00f1o adecuado para preparar una gran variedad de comidas, desde cenas \u00edntimas hasta grandes reuniones. El 20<em data-sourcepos=\"6:111-6:224\">La cacerola de 9,5 cm es perfecta para porciones peque\u00f1as, como una sopa cremosa para una persona o verduras asadas para dos, mientras que la de 24<\/em>La opci\u00f3n de 10,5 cm es ideal para platos familiares, como un sustancioso chili o pollo estofado. Para grupos m\u00e1s grandes, la opci\u00f3n de 28<em data-sourcepos=\"6:334-6:431\">Una cacerola de 12 cm puede contener una pechuga de pavo asada entera o una olla grande de gumbo, y la cacerola poco profunda de 28 cm<\/em>La cacerola de 6,2 cm es ideal para preparar verduras asadas crujientes, filetes de pescado o lasa\u00f1a en capas. La sart\u00e9n de 26 x 6,3 cm, sin tapa, es perfecta para dorar filetes, saltear fideos o hacer tortitas: su amplia superficie garantiza una distribuci\u00f3n uniforme del calor para obtener resultados perfectos en todo momento.<\/p>\n<h3 data-sourcepos=\"9:1-10:664\"><strong data-sourcepos=\"9:1-9:66\">Recubrimiento antiadherente con motas doradas: cocinar y limpiar sin esfuerzo<\/strong><\/h3>\n<p data-sourcepos=\"9:1-10:664\">Este juego de utensilios de cocina de aluminio prensado cuenta con un revestimiento interior antiadherente, salpicado de motas doradas, que facilita la cocci\u00f3n y la limpieza. Los alimentos se desprenden f\u00e1cilmente, tanto si est\u00e1s volteando huevos en la sart\u00e9n como removiendo una salsa en la cacerola, por lo que nunca tendr\u00e1s que luchar con restos pegados. El revestimiento no es t\u00f3xico y es resistente a los rayones (solo tienes que utilizar las herramientas de silicona incluidas para conservarlo), por lo que puedes cocinar con tranquilidad. En el exterior, un revestimiento dorado resistente al calor protege contra las astillas, la decoloraci\u00f3n y el desgaste, manteniendo tus utensilios de cocina como nuevos incluso despu\u00e9s de a\u00f1os de uso. Basta con pasar una esponja h\u00fameda o lavarlos a mano con cuidado para que est\u00e9n listos para la pr\u00f3xima comida.<\/p>\n<h3 data-sourcepos=\"13:1-14:594\"><strong data-sourcepos=\"13:1-13:56\">Durabilidad preparada para la inducci\u00f3n: dise\u00f1ada para el uso diario<\/strong><\/h3>\n<p data-sourcepos=\"13:1-14:594\">Cada pieza de este juego de utensilios de cocina de aluminio prensado cuenta con un fondo de inducci\u00f3n perforado, dise\u00f1ado para funcionar a la perfecci\u00f3n con todo tipo de estufas: de inducci\u00f3n, gas, el\u00e9ctricas o vitrocer\u00e1micas. El dise\u00f1o perforado garantiza una transferencia de calor uniforme, eliminando los puntos calientes que pueden quemar los alimentos o provocar una cocci\u00f3n desigual. El aluminio prensado es lo suficientemente ligero como para manejarlo con facilidad, pero lo suficientemente resistente como para soportar el uso diario, por lo que podr\u00e1 confiar en este juego durante muchos a\u00f1os. Las tapas de vidrio de las cazuelas le permiten controlar la cocci\u00f3n sin levantar la tapa (y perder el preciado calor), por lo que puede comprobar de un vistazo si su guiso est\u00e1 hirviendo a fuego lento o si su lasa\u00f1a est\u00e1 lista.<\/p>\n<h3 data-sourcepos=\"17:1-18:552\"><strong data-sourcepos=\"17:1-17:50\">Accesorios bien pensados: comodidad y protecci\u00f3n<\/strong><\/h3>\n<p data-sourcepos=\"17:1-18:552\">El juego de utensilios de cocina de aluminio prensado incluye dos accesorios esenciales: una esp\u00e1tula de silicona y una cuchara de silicona, ambas con mangos ergon\u00f3micos de madera. Los mangos de madera son c\u00f3modos de agarrar y se mantienen fr\u00edos al tacto, incluso cuando se cocina a fuego alto, lo que facilita remover, voltear o servir. Las puntas de silicona son suaves con el revestimiento antiadherente, lo que evita ara\u00f1azos y prolonga la vida \u00fatil de los utensilios de cocina. Tanto si est\u00e1s raspando los \u00faltimos restos de salsa de la cazuela como si est\u00e1s volteando un panqueque en la sart\u00e9n, estas herramientas est\u00e1n dise\u00f1adas para que disfrutar m\u00e1s de la experiencia de cocinar.<\/p>","protected":false},"excerpt":{"rendered":"<table style=\"height: 304px\" width=\"672\">\n<tbody>\n<tr>\n<td>Modelo (n\u00famero de producto):<\/td>\n<td>AU-CW0057<\/td>\n<\/tr>\n<tr>\n<td>Tama\u00f1o del producto:<\/td>\n<td>Cacerola: 20 x 9,5 cm con tapa.<br \/>\nCacerola: 24 x 10,5 cm con tapa<br \/>\nCacerola: 28 x 12 cm con tapa<br \/>\nCacerola poco profunda: 28 x 6,2 cm con tapa.<br \/>\nSart\u00e9n: 26 x 6,3 cm sin tapa<\/td>\n<\/tr>\n<tr>\n<td>Material del producto:<\/td>\n<td>Aluminio<\/td>\n<\/tr>\n<tr>\n<td>Color del producto:<\/td>\n<td>Personalizado<\/td>\n<\/tr>\n<tr>\n<td>Informaci\u00f3n sobre el empaque:<\/td>\n<td>2 juegos por caja<\/td>\n<\/tr>\n<tr>\n<td>Cantidad m\u00ednima de pedido:<\/td>\n<td>1200 juegos<\/td>\n<\/tr>\n<tr>\n<td>Origen:<\/td>\n<td>China<\/td>\n<\/tr>\n<tr>\n<td>Precio:<\/td>\n<td>Negociaci\u00f3n<\/td>\n<\/tr>\n<\/tbody>\n<\/table>\n<p>&nbsp;<\/p>","protected":false},"featured_media":8811,"comment_status":"open","ping_status":"closed","template":"","meta":{"_acf_changed":false},"product_brand":[],"product_cat":[112,113],"product_tag":[],"class_list":{"0":"post-8801","1":"product","2":"type-product","3":"status-publish","4":"has-post-thumbnail","6":"product_cat-cookware","7":"product_cat-cookware-set","8":"pif-has-gallery","10":"first","11":"instock","12":"shipping-taxable","13":"product-type-simple"},"acf":[],"_links":{"self":[{"href":"https:\/\/www.auspacekitchenware.com\/es\/wp-json\/wp\/v2\/product\/8801","targetHints":{"allow":["GET"]}}],"collection":[{"href":"https:\/\/www.auspacekitchenware.com\/es\/wp-json\/wp\/v2\/product"}],"about":[{"href":"https:\/\/www.auspacekitchenware.com\/es\/wp-json\/wp\/v2\/types\/product"}],"replies":[{"embeddable":true,"href":"https:\/\/www.auspacekitchenware.com\/es\/wp-json\/wp\/v2\/comments?post=8801"}],"wp:featuredmedia":[{"embeddable":true,"href":"https:\/\/www.auspacekitchenware.com\/es\/wp-json\/wp\/v2\/media\/8811"}],"wp:attachment":[{"href":"https:\/\/www.auspacekitchenware.com\/es\/wp-json\/wp\/v2\/media?parent=8801"}],"wp:term":[{"taxonomy":"product_brand","embeddable":true,"href":"https:\/\/www.auspacekitchenware.com\/es\/wp-json\/wp\/v2\/product_brand?post=8801"},{"taxonomy":"product_cat","embeddable":true,"href":"https:\/\/www.auspacekitchenware.com\/es\/wp-json\/wp\/v2\/product_cat?post=8801"},{"taxonomy":"product_tag","embeddable":true,"href":"https:\/\/www.auspacekitchenware.com\/es\/wp-json\/wp\/v2\/product_tag?post=8801"}],"curies":[{"name":"wp","href":"https:\/\/api.w.org\/{rel}","templated":true}]}}