{"id":9693,"date":"2025-08-21T05:37:23","date_gmt":"2025-08-21T05:37:23","guid":{"rendered":"https:\/\/auspacekitchenware.com\/?post_type=product&#038;p=9693"},"modified":"2025-08-21T05:48:11","modified_gmt":"2025-08-21T05:48:11","slug":"sarten-de-aluminio-fundido-a-presion-de-19-cm-con-tapa-al-por-mayor","status":"publish","type":"product","link":"https:\/\/www.auspacekitchenware.com\/es\/die-casting-19cm-aluminum-frypan-with-lid-wholesale\/","title":{"rendered":"Sart\u00e9n de aluminio fundido a presi\u00f3n de 19 cm con tapa al por mayor"},"content":{"rendered":"<h2><strong>Dise\u00f1o multicavidad<\/strong>\u00a0:<\/h2>\n<p>Esta sart\u00e9n de aluminio de 19 cm con tapa de vidrio y mango con efecto madera tiene cuatro compartimentos separados. Es perfecta para preparar huevos, panqueques o mini frittatas al mismo tiempo, ideal para cocinar desayunos o bocadillos en grandes cantidades, ahorrando tiempo y esfuerzo.<\/p>\n<h2><strong>Tapa de vidrio para facilitar el control<\/strong>\u00a0:<\/h2>\n<p>La tapa de vidrio transparente te permite ver c\u00f3mo se cocina la comida sin necesidad de levantarla. Mantiene el calor y la humedad en el interior, lo que garantiza una cocci\u00f3n uniforme y resultados perfectos en todo momento, tanto si preparas huevos fritos como peque\u00f1as tortillas.<\/p>\n<h2><strong>Mango de madera con efecto para mayor comodidad<\/strong>\u00a0:<\/h2>\n<p>El mango tiene un acabado similar a la madera, lo que ofrece un agarre c\u00f3modo y seguro. Se mantiene fr\u00edo al tacto, lo que facilita el manejo de la sart\u00e9n en la encimera o la estufa, y a\u00f1ade un toque elegante a tus utensilios de cocina.<\/p>\n<h2><strong>Recubrimiento antiadherente para facilitar el desmoldeado<\/strong>\u00a0:<\/h2>\n<p>El interior de la sart\u00e9n de aluminio de 19 cm tiene un recubrimiento antiadherente. Los alimentos se deslizan sin esfuerzo y la limpieza es muy f\u00e1cil: no hay que frotar para eliminar los residuos, solo hay que pasar un pa\u00f1o r\u00e1pidamente y ya est\u00e1 lista para el siguiente uso.<\/p>","protected":false},"excerpt":{"rendered":"<table style=\"height: 304px\" width=\"672\">\n<tbody>\n<tr>\n<td>Modelo (n\u00famero de producto):<\/td>\n<td>AU-CW0080<\/td>\n<\/tr>\n<tr>\n<td>Tama\u00f1o del producto:<\/td>\n<td>19 \u00d7 2,8 cm<\/td>\n<\/tr>\n<tr>\n<td>Material del producto:<\/td>\n<td>Aluminio<\/td>\n<\/tr>\n<tr>\n<td>Color del producto:<\/td>\n<td>Personalizado<\/td>\n<\/tr>\n<tr>\n<td>Informaci\u00f3n sobre el empaque:<\/td>\n<td>8 piezas por caja<\/td>\n<\/tr>\n<tr>\n<td>Cantidad m\u00ednima de pedido:<\/td>\n<td>1000 unidades<\/td>\n<\/tr>\n<tr>\n<td>Origen:<\/td>\n<td>China<\/td>\n<\/tr>\n<tr>\n<td>Precio:<\/td>\n<td>Negociaci\u00f3n<\/td>\n<\/tr>\n<\/tbody>\n<\/table>\n<p>&nbsp;<\/p>","protected":false},"featured_media":9694,"comment_status":"open","ping_status":"closed","template":"","meta":{"_acf_changed":false},"product_brand":[],"product_cat":[114,112],"product_tag":[],"class_list":{"0":"post-9693","1":"product","2":"type-product","3":"status-publish","4":"has-post-thumbnail","6":"product_cat-frypan","7":"product_cat-cookware","8":"pif-has-gallery","10":"first","11":"instock","12":"shipping-taxable","13":"product-type-simple"},"acf":[],"_links":{"self":[{"href":"https:\/\/www.auspacekitchenware.com\/es\/wp-json\/wp\/v2\/product\/9693","targetHints":{"allow":["GET"]}}],"collection":[{"href":"https:\/\/www.auspacekitchenware.com\/es\/wp-json\/wp\/v2\/product"}],"about":[{"href":"https:\/\/www.auspacekitchenware.com\/es\/wp-json\/wp\/v2\/types\/product"}],"replies":[{"embeddable":true,"href":"https:\/\/www.auspacekitchenware.com\/es\/wp-json\/wp\/v2\/comments?post=9693"}],"wp:featuredmedia":[{"embeddable":true,"href":"https:\/\/www.auspacekitchenware.com\/es\/wp-json\/wp\/v2\/media\/9694"}],"wp:attachment":[{"href":"https:\/\/www.auspacekitchenware.com\/es\/wp-json\/wp\/v2\/media?parent=9693"}],"wp:term":[{"taxonomy":"product_brand","embeddable":true,"href":"https:\/\/www.auspacekitchenware.com\/es\/wp-json\/wp\/v2\/product_brand?post=9693"},{"taxonomy":"product_cat","embeddable":true,"href":"https:\/\/www.auspacekitchenware.com\/es\/wp-json\/wp\/v2\/product_cat?post=9693"},{"taxonomy":"product_tag","embeddable":true,"href":"https:\/\/www.auspacekitchenware.com\/es\/wp-json\/wp\/v2\/product_tag?post=9693"}],"curies":[{"name":"wp","href":"https:\/\/api.w.org\/{rel}","templated":true}]}}