{"id":9975,"date":"2025-08-26T03:54:25","date_gmt":"2025-08-26T03:54:25","guid":{"rendered":"https:\/\/auspacekitchenware.com\/?post_type=product&#038;p=9975"},"modified":"2025-08-26T06:44:04","modified_gmt":"2025-08-26T06:44:04","slug":"botella-termica-de-acero-inoxidable-de-1-l-al-por-mayor","status":"publish","type":"product","link":"https:\/\/www.auspacekitchenware.com\/es\/1l-stainless-steel-vacuum-bottle-wholesale\/","title":{"rendered":"Botella t\u00e9rmica de acero inoxidable de 1 litro al por mayor"},"content":{"rendered":"<h3 data-sourcepos=\"4:1-4:55\">Acero inoxidable de primera calidad: seguro, duradero y sin BPA.<\/h3>\n<p data-sourcepos=\"5:1-5:739\">Dise\u00f1ada para personas preocupadas por su salud que valoran tanto la funcionalidad como el estilo, esta botella t\u00e9rmica de acero inoxidable de 1 litro est\u00e1 fabricada con materiales de primera calidad para mantener tus bebidas puras y refrescantes. La capa interior est\u00e1 hecha de acero inoxidable S\/S304 de grado alimenticio, no t\u00f3xico, resistente a la corrosi\u00f3n y libre de BPA o productos qu\u00edmicos nocivos, lo que garantiza que cada sorbo tenga un sabor limpio, tanto si bebes t\u00e9 caliente como agua fr\u00eda. La capa exterior de acero inoxidable S\/S201 a\u00f1ade resistencia y un vibrante recubrimiento en polvo de un solo color (un alegre verde azulado con una tapa rosa suave y detalles en gris) que resiste los ara\u00f1azos y la decoloraci\u00f3n, lo que la convierte en una compa\u00f1era llamativa para los desplazamientos, los entrenamientos o las aventuras al aire libre. Con 615 g, es lo suficientemente ligera para el uso diario, pero lo suficientemente resistente para soportar las exigencias de una vida ajetreada.<\/p>\n<h3 data-sourcepos=\"8:1-8:51\">Capacidad de 1 litro: mantente hidratado todo el d\u00eda, todos los d\u00edas.<\/h3>\n<p data-sourcepos=\"9:1-9:573\">Con un dise\u00f1o de 8,8 x 26,5 cm y una capacidad de 1 litro, esta botella t\u00e9rmica de acero inoxidable de 1 litro est\u00e1 dise\u00f1ada para adaptarse a tu estilo de vida activo. Ya sea en la oficina, en el gimnasio, haciendo senderismo o haciendo recados, tiene capacidad suficiente para mantenerte hidratado desde la ma\u00f1ana hasta la noche, sin necesidad de rellenarla con frecuencia. Su generoso tama\u00f1o es perfecto para largas jornadas de trabajo, viajes por carretera o actividades al aire libre, mientras que su perfil compacto se adapta f\u00e1cilmente a la mayor\u00eda de los portavasos, bolsillos laterales de mochilas o bolsas de gimnasio. Para cualquiera que d\u00e9 prioridad a mantenerse hidratado sin sacrificar la comodidad, esta botella de 1 l supone un gran cambio.<\/p>\n<h3 data-sourcepos=\"12:1-12:58\">Aislamiento al vac\u00edo: mantiene las bebidas calientes o fr\u00edas durante horas.<\/h3>\n<p data-sourcepos=\"13:1-13:583\">Dise\u00f1ada con aislamiento al vac\u00edo de doble pared, esta botella t\u00e9rmica de acero inoxidable de 1 litro mantiene la temperatura para conservar tu bebida en condiciones ideales durante horas. Disfruta de caf\u00e9 o t\u00e9 bien caliente hasta 12 horas, o mant\u00e9n el agua helada, los batidos o la limonada fr\u00edos hasta 24 horas, perfecto para madrugadas, noches tard\u00edas o salidas de todo el d\u00eda. La tapa herm\u00e9tica crea un sello a prueba de fugas, por lo que puedes meterla en tu mochila sin preocuparte por derrames o condensaci\u00f3n. Ya sea que est\u00e9s enfrentando el fr\u00edo del invierno o el calor del verano, esta botella garantiza que tu bebida est\u00e9 exactamente como te gusta, siempre que est\u00e9s listo para beberla.<\/p>\n<h3 data-sourcepos=\"16:1-16:62\">Dise\u00f1o bien pensado: comodidad y conveniencia en cada detalle<\/h3>\n<p data-sourcepos=\"17:1-17:659\">Todas las caracter\u00edsticas de esta botella t\u00e9rmica de acero inoxidable de 1 litro est\u00e1n dise\u00f1adas pensando en la facilidad de uso. El asa ergon\u00f3mica lateral facilita su transporte, incluso cuando se est\u00e1 en movimiento, mientras que la tapa abatible (que se abre f\u00e1cilmente con una sola mano) permite beber r\u00e1pidamente sin tener que lidiar con tapones. La amplia abertura (8,8 cm de di\u00e1metro) facilita el llenado, la limpieza y la adici\u00f3n de cubitos de hielo, sin tener que lidiar con cuellos estrechos. El vibrante recubrimiento en polvo de color verde azulado a\u00f1ade un toque de color a tu rutina diaria, mientras que el acabado duradero garantiza que mantenga su aspecto impecable incluso despu\u00e9s de un uso frecuente. Es una botella que combina la practicidad con la personalidad, haciendo que la hidrataci\u00f3n sea un placer, no una tarea.<\/p>","protected":false},"excerpt":{"rendered":"<table style=\"height: 304px\" width=\"672\">\n<tbody>\n<tr>\n<td>Modelo (n\u00famero de producto):<\/td>\n<td>AU-BT0217<\/td>\n<\/tr>\n<tr>\n<td>Tama\u00f1o del producto:<\/td>\n<td>8,8 x 26,5 cm, 1 l<\/td>\n<\/tr>\n<tr>\n<td>Material del producto:<\/td>\n<td>\u00a0Acero inoxidable 304 + exterior de acero inoxidable 201<\/td>\n<\/tr>\n<tr>\n<td>Color del producto:<\/td>\n<td>Personalizado<\/td>\n<\/tr>\n<tr>\n<td>Informaci\u00f3n sobre el empaque:<\/td>\n<td>12 piezas por caja<\/td>\n<\/tr>\n<tr>\n<td>Cantidad m\u00ednima de pedido:<\/td>\n<td>3000 unidades<\/td>\n<\/tr>\n<tr>\n<td>Origen:<\/td>\n<td>China<\/td>\n<\/tr>\n<tr>\n<td>Precio:<\/td>\n<td>Negociaci\u00f3n<\/td>\n<\/tr>\n<\/tbody>\n<\/table>","protected":false},"featured_media":9970,"comment_status":"open","ping_status":"closed","template":"","meta":{"_acf_changed":false},"product_brand":[],"product_cat":[20,53],"product_tag":[],"class_list":{"0":"post-9975","1":"product","2":"type-product","3":"status-publish","4":"has-post-thumbnail","6":"product_cat-water-bottles","7":"product_cat-stainless-steel-tumbler","8":"pif-has-gallery","10":"first","11":"instock","12":"shipping-taxable","13":"product-type-simple"},"acf":[],"_links":{"self":[{"href":"https:\/\/www.auspacekitchenware.com\/es\/wp-json\/wp\/v2\/product\/9975","targetHints":{"allow":["GET"]}}],"collection":[{"href":"https:\/\/www.auspacekitchenware.com\/es\/wp-json\/wp\/v2\/product"}],"about":[{"href":"https:\/\/www.auspacekitchenware.com\/es\/wp-json\/wp\/v2\/types\/product"}],"replies":[{"embeddable":true,"href":"https:\/\/www.auspacekitchenware.com\/es\/wp-json\/wp\/v2\/comments?post=9975"}],"wp:featuredmedia":[{"embeddable":true,"href":"https:\/\/www.auspacekitchenware.com\/es\/wp-json\/wp\/v2\/media\/9970"}],"wp:attachment":[{"href":"https:\/\/www.auspacekitchenware.com\/es\/wp-json\/wp\/v2\/media?parent=9975"}],"wp:term":[{"taxonomy":"product_brand","embeddable":true,"href":"https:\/\/www.auspacekitchenware.com\/es\/wp-json\/wp\/v2\/product_brand?post=9975"},{"taxonomy":"product_cat","embeddable":true,"href":"https:\/\/www.auspacekitchenware.com\/es\/wp-json\/wp\/v2\/product_cat?post=9975"},{"taxonomy":"product_tag","embeddable":true,"href":"https:\/\/www.auspacekitchenware.com\/es\/wp-json\/wp\/v2\/product_tag?post=9975"}],"curies":[{"name":"wp","href":"https:\/\/api.w.org\/{rel}","templated":true}]}}