{"id":4641,"date":"2025-03-25T09:45:37","date_gmt":"2025-03-25T09:45:37","guid":{"rendered":"https:\/\/auspacekitchenware.com\/?post_type=product&#038;p=4641"},"modified":"2025-03-25T10:00:16","modified_gmt":"2025-03-25T10:00:16","slug":"ceramic-souffle-dishes-set","status":"publish","type":"product","link":"https:\/\/www.auspacekitchenware.com\/ru\/ceramic-souffle-dishes-set\/","title":{"rendered":"\u041d\u0430\u0431\u043e\u0440 \u043a\u0435\u0440\u0430\u043c\u0438\u0447\u0435\u0441\u043a\u0438\u0445 \u0431\u043b\u044e\u0434 \u0434\u043b\u044f \u0441\u0443\u0444\u043b\u0435"},"content":{"rendered":"<p><strong><span class=\"a-list-item\">PERFECT SIZE : <\/span><\/strong><\/p>\n<p>Ceramic Souffle Dishes Set\uff0c<span class=\"a-list-item\">3.9 W x 2.2 H inches. 8 oz small ramekins are designed for souffle, cr\u00e8me br\u00fbl\u00e9e, custards, desserts, ice cream and snacks, perfect for dipping sauce cups, charcuterie bowls<\/span><\/p>\n<p><strong><span class=\"a-list-item\">ENHANCED DURABILITY: <\/span><\/strong><\/p>\n<p><span class=\"a-list-item\">Ramekins oven safe fired at 2552\u00b0F for increased heat resistance and durability compared to the old 2140\u00b0F firing temperature. The Ceramic Souffle Dishes Set ramekins withstand temperatures up to 500\u00b0F, ideal for oven use.<\/span><\/p>\n<p><strong><span class=\"a-list-item\">EVEN COOKING:<\/span><\/strong><\/p>\n<p><span class=\"a-list-item\">Creme brulee ramekins crafted from premium ORC porcelain for even heat distribution, preventing hot spots and ensuring consistent cooking. ORC porcelain LEAD-FREE and NON-TOXIC.<\/span><\/p>\n<p><strong><span class=\"a-list-item\">EASY TO CLEAN: <\/span><\/strong><\/p>\n<p><span class=\"a-list-item\">For Ceramic Souffle Dishes Set, MALACASA ramiken Featuring GLIDECOAT glaze technology for a smooth, easy-to-clean surface. Dishwasher safe for convenience after every use.<\/span><\/p>\n<p>&nbsp;<\/p>\n<p><img fetchpriority=\"high\" decoding=\"async\" class=\"alignnone size-full wp-image-4651\" src=\"https:\/\/www.auspacekitchenware.com\/wp-content\/uploads\/2025\/03\/71UfrhycexL._AC_SL1500__\u526f\u672c-1-2025032509451269.webp\" alt=\"\" width=\"1400\" height=\"400\" \/><\/p>","protected":false},"excerpt":{"rendered":"<table style=\"height: 304px\" width=\"672\">\n<tbody>\n<tr>\n<td>\u041c\u043e\u0434\u0435\u043b\u044c (\u043d\u043e\u043c\u0435\u0440 \u043f\u0440\u043e\u0434\u0443\u043a\u0442\u0430):<\/td>\n<td>BC-25001<\/td>\n<\/tr>\n<tr>\n<td>\u0420\u0430\u0437\u043c\u0435\u0440 \u0438\u0437\u0434\u0435\u043b\u0438\u044f:<\/td>\n<td><span class=\"a-list-item\">3.9 W x 2.2 H inches<\/span><\/td>\n<\/tr>\n<tr>\n<td>\u041c\u0430\u0442\u0435\u0440\u0438\u0430\u043b \u0438\u0437\u0434\u0435\u043b\u0438\u044f:<\/td>\n<td>Ceramic<\/td>\n<\/tr>\n<tr>\n<td>\u0426\u0432\u0435\u0442 \u043f\u0440\u043e\u0434\u0443\u043a\u0442\u0430:<\/td>\n<td>\u041d\u0430 \u0437\u0430\u043a\u0430\u0437<\/td>\n<\/tr>\n<tr>\n<td>\u0418\u043d\u0444\u043e\u0440\u043c\u0430\u0446\u0438\u044f \u043e\u0431 \u0443\u043f\u0430\u043a\u043e\u0432\u043a\u0435:<\/td>\n<td>24 \u0448\u0442\u0443\u043a\u0438 \u0432 \u043a\u043e\u0440\u043e\u0431\u043a\u0435<\/td>\n<\/tr>\n<tr>\n<td>\u041c\u0438\u043d\u0438\u043c\u0430\u043b\u044c\u043d\u043e\u0435 \u043a\u043e\u043b\u0438\u0447\u0435\u0441\u0442\u0432\u043e \u0437\u0430\u043a\u0430\u0437\u0430:<\/td>\n<td>500 \u0435\u0434\u0438\u043d\u0438\u0446<\/td>\n<\/tr>\n<tr>\n<td>\u041f\u0440\u043e\u0438\u0441\u0445\u043e\u0436\u0434\u0435\u043d\u0438\u0435:<\/td>\n<td>\u041a\u0438\u0442\u0430\u0439<\/td>\n<\/tr>\n<tr>\n<td>\u0426\u0435\u043d\u0430:<\/td>\n<td>\u041f\u0435\u0440\u0435\u0433\u043e\u0432\u043e\u0440\u044b<\/td>\n<\/tr>\n<\/tbody>\n<\/table>","protected":false},"featured_media":4644,"comment_status":"open","ping_status":"closed","template":"","meta":{"_acf_changed":false},"product_brand":[],"product_cat":[80,18],"product_tag":[58],"class_list":{"0":"post-4641","1":"product","2":"type-product","3":"status-publish","4":"has-post-thumbnail","6":"product_cat-baking-cups-bakeware","7":"product_cat-bakeware","8":"product_tag-featured","9":"pif-has-gallery","11":"first","12":"instock","13":"shipping-taxable","14":"product-type-simple"},"acf":[],"_links":{"self":[{"href":"https:\/\/www.auspacekitchenware.com\/ru\/wp-json\/wp\/v2\/product\/4641","targetHints":{"allow":["GET"]}}],"collection":[{"href":"https:\/\/www.auspacekitchenware.com\/ru\/wp-json\/wp\/v2\/product"}],"about":[{"href":"https:\/\/www.auspacekitchenware.com\/ru\/wp-json\/wp\/v2\/types\/product"}],"replies":[{"embeddable":true,"href":"https:\/\/www.auspacekitchenware.com\/ru\/wp-json\/wp\/v2\/comments?post=4641"}],"wp:featuredmedia":[{"embeddable":true,"href":"https:\/\/www.auspacekitchenware.com\/ru\/wp-json\/wp\/v2\/media\/4644"}],"wp:attachment":[{"href":"https:\/\/www.auspacekitchenware.com\/ru\/wp-json\/wp\/v2\/media?parent=4641"}],"wp:term":[{"taxonomy":"product_brand","embeddable":true,"href":"https:\/\/www.auspacekitchenware.com\/ru\/wp-json\/wp\/v2\/product_brand?post=4641"},{"taxonomy":"product_cat","embeddable":true,"href":"https:\/\/www.auspacekitchenware.com\/ru\/wp-json\/wp\/v2\/product_cat?post=4641"},{"taxonomy":"product_tag","embeddable":true,"href":"https:\/\/www.auspacekitchenware.com\/ru\/wp-json\/wp\/v2\/product_tag?post=4641"}],"curies":[{"name":"wp","href":"https:\/\/api.w.org\/{rel}","templated":true}]}}