{"id":9616,"date":"2025-08-19T06:55:20","date_gmt":"2025-08-19T06:55:20","guid":{"rendered":"https:\/\/auspacekitchenware.com\/?post_type=product&#038;p=9616"},"modified":"2025-08-19T06:58:23","modified_gmt":"2025-08-19T06:58:23","slug":"die-casting-aluminum-cookware-set-wholesale","status":"publish","type":"product","link":"https:\/\/www.auspacekitchenware.com\/ru\/die-casting-aluminum-cookware-set-wholesale\/","title":{"rendered":"\u041d\u0430\u0431\u043e\u0440 \u043f\u043e\u0441\u0443\u0434\u044b \u0438\u0437 \u043b\u0438\u0442\u043e\u0433\u043e \u0430\u043b\u044e\u043c\u0438\u043d\u0438\u044f \u043e\u043f\u0442\u043e\u043c"},"content":{"rendered":"<h3>\u041f\u0440\u043e\u0447\u043d\u0430\u044f \u043a\u043e\u043d\u0441\u0442\u0440\u0443\u043a\u0446\u0438\u044f<\/h3>\n<p>Reinforced aluminum construction ensures long-term durability and reliability, while maintaining a lightweight design. This feature brings convenience to your cooking experience with the Die-casting Aluminum Cookware set.<\/p>\n<h3>\u0418\u0441\u043a\u043b\u044e\u0447\u0438\u0442\u0435\u043b\u044c\u043d\u044b\u0435 \u0430\u043d\u0442\u0438\u043f\u0440\u0438\u0433\u0430\u0440\u043d\u044b\u0435 \u0441\u0432\u043e\u0439\u0441\u0442\u0432\u0430<\/h3>\n<p>A top-level, harder nonstick granite material with 10x Ultra Non-stick performance ensures that your daily cooking with the Die-casting Aluminum Cookware set is always safer and healthier.<\/p>\n<h3>\u041b\u0435\u0433\u043a\u0430\u044f \u043e\u0447\u0438\u0441\u0442\u043a\u0430<\/h3>\n<p>We recommend hand washing the Die-casting Aluminum Cookware set, as it is effortless to clean. Simply wipe it with a paper towel or rinse it with water for optimal maintenance.<\/p>\n<h3>\u0411\u044b\u0441\u0442\u0440\u044b\u0439 \u0438 \u0440\u0430\u0432\u043d\u043e\u043c\u0435\u0440\u043d\u044b\u0439 \u043d\u0430\u0433\u0440\u0435\u0432<\/h3>\n<p>The Die-casting Aluminum Cookware set heats up quickly and evenly, featuring an extended bottom design suitable for all cooktops, including induction.<\/p>\n<h3>\u0413\u0430\u0440\u0430\u043d\u0442\u0438\u044f \u0438 \u043f\u043e\u0434\u0434\u0435\u0440\u0436\u043a\u0430<\/h3>\n<p>We provide a 12-month warranty from the date of purchase for your Die-casting Aluminum Cookware set. Please don&#8217;t hesitate to reach out if you encounter any quality problems; you are guaranteed to receive a satisfactory solution.<\/p>","protected":false},"excerpt":{"rendered":"<table style=\"height: 304px\" width=\"672\">\n<tbody>\n<tr>\n<td>\u041c\u043e\u0434\u0435\u043b\u044c (\u043d\u043e\u043c\u0435\u0440 \u043f\u0440\u043e\u0434\u0443\u043a\u0442\u0430):<\/td>\n<td>AU-CW0085<\/td>\n<\/tr>\n<tr>\n<td>\u0420\u0430\u0437\u043c\u0435\u0440 \u0438\u0437\u0434\u0435\u043b\u0438\u044f:<\/td>\n<td>\u00a020\u00d75cm,26\u00d76cm,18\u00d79.5cm,20\u00d710cm,20\u00d710cm<\/td>\n<\/tr>\n<tr>\n<td>\u041c\u0430\u0442\u0435\u0440\u0438\u0430\u043b \u0438\u0437\u0434\u0435\u043b\u0438\u044f:<\/td>\n<td>\u0423\u0433\u043b\u0435\u0440\u043e\u0434\u0438\u0441\u0442\u0430\u044f \u0441\u0442\u0430\u043b\u044c<\/td>\n<\/tr>\n<tr>\n<td>\u0426\u0432\u0435\u0442 \u043f\u0440\u043e\u0434\u0443\u043a\u0442\u0430:<\/td>\n<td>\u041d\u0430 \u0437\u0430\u043a\u0430\u0437<\/td>\n<\/tr>\n<tr>\n<td>\u0418\u043d\u0444\u043e\u0440\u043c\u0430\u0446\u0438\u044f \u043e\u0431 \u0443\u043f\u0430\u043a\u043e\u0432\u043a\u0435:<\/td>\n<td>8 \u0448\u0442\u0443\u043a \u0432 \u043a\u043e\u0440\u043e\u0431\u043a\u0435<\/td>\n<\/tr>\n<tr>\n<td>\u041c\u0438\u043d\u0438\u043c\u0430\u043b\u044c\u043d\u043e\u0435 \u043a\u043e\u043b\u0438\u0447\u0435\u0441\u0442\u0432\u043e \u0437\u0430\u043a\u0430\u0437\u0430:<\/td>\n<td>1200 \u0435\u0434\u0438\u043d\u0438\u0446<\/td>\n<\/tr>\n<tr>\n<td>\u041f\u0440\u043e\u0438\u0441\u0445\u043e\u0436\u0434\u0435\u043d\u0438\u0435:<\/td>\n<td>\u041a\u0438\u0442\u0430\u0439<\/td>\n<\/tr>\n<tr>\n<td>\u0426\u0435\u043d\u0430:<\/td>\n<td>\u041f\u0435\u0440\u0435\u0433\u043e\u0432\u043e\u0440\u044b<\/td>\n<\/tr>\n<\/tbody>\n<\/table>\n<p>&nbsp;<\/p>","protected":false},"featured_media":9617,"comment_status":"open","ping_status":"closed","template":"","meta":{"_acf_changed":false},"product_brand":[],"product_cat":[113,112],"product_tag":[],"class_list":{"0":"post-9616","1":"product","2":"type-product","3":"status-publish","4":"has-post-thumbnail","6":"product_cat-cookware-set","7":"product_cat-cookware","8":"pif-has-gallery","10":"first","11":"instock","12":"shipping-taxable","13":"product-type-simple"},"acf":[],"_links":{"self":[{"href":"https:\/\/www.auspacekitchenware.com\/ru\/wp-json\/wp\/v2\/product\/9616","targetHints":{"allow":["GET"]}}],"collection":[{"href":"https:\/\/www.auspacekitchenware.com\/ru\/wp-json\/wp\/v2\/product"}],"about":[{"href":"https:\/\/www.auspacekitchenware.com\/ru\/wp-json\/wp\/v2\/types\/product"}],"replies":[{"embeddable":true,"href":"https:\/\/www.auspacekitchenware.com\/ru\/wp-json\/wp\/v2\/comments?post=9616"}],"wp:featuredmedia":[{"embeddable":true,"href":"https:\/\/www.auspacekitchenware.com\/ru\/wp-json\/wp\/v2\/media\/9617"}],"wp:attachment":[{"href":"https:\/\/www.auspacekitchenware.com\/ru\/wp-json\/wp\/v2\/media?parent=9616"}],"wp:term":[{"taxonomy":"product_brand","embeddable":true,"href":"https:\/\/www.auspacekitchenware.com\/ru\/wp-json\/wp\/v2\/product_brand?post=9616"},{"taxonomy":"product_cat","embeddable":true,"href":"https:\/\/www.auspacekitchenware.com\/ru\/wp-json\/wp\/v2\/product_cat?post=9616"},{"taxonomy":"product_tag","embeddable":true,"href":"https:\/\/www.auspacekitchenware.com\/ru\/wp-json\/wp\/v2\/product_tag?post=9616"}],"curies":[{"name":"wp","href":"https:\/\/api.w.org\/{rel}","templated":true}]}}