{"id":9623,"date":"2025-08-19T06:59:03","date_gmt":"2025-08-19T06:59:03","guid":{"rendered":"https:\/\/auspacekitchenware.com\/?post_type=product&#038;p=9623"},"modified":"2025-08-19T07:02:59","modified_gmt":"2025-08-19T07:02:59","slug":"%d0%bb%d0%b8%d1%82%d1%8c%d0%b5-%d0%b0%d0%bb%d1%8e%d0%bc%d0%b8%d0%bd%d0%b8%d1%8f-%d0%bf%d0%be%d1%81%d1%83%d0%b4%d0%b0-%d0%b3%d1%80%d1%83%d0%bf%d0%bf%d0%b0-%d0%be%d0%bf%d1%82%d0%be%d0%b2%d0%b0%d1%8f","status":"publish","type":"product","link":"https:\/\/www.auspacekitchenware.com\/ru\/die-casting-aluminum-cookware-group-wholesale\/","title":{"rendered":"\u041b\u0438\u0442\u043e\u0439 \u0430\u043b\u044e\u043c\u0438\u043d\u0438\u0435\u0432\u044b\u0439 \u043f\u043e\u0441\u0443\u0434\u0430 \u0433\u0440\u0443\u043f\u043f\u0430 \u043e\u043f\u0442\u043e\u043c"},"content":{"rendered":"<h3>\u041f\u0440\u043e\u0447\u043d\u0430\u044f \u043a\u043e\u043d\u0441\u0442\u0440\u0443\u043a\u0446\u0438\u044f<\/h3>\n<p>\u0423\u0441\u0438\u043b\u0435\u043d\u043d\u0430\u044f \u0430\u043b\u044e\u043c\u0438\u043d\u0438\u0435\u0432\u0430\u044f \u043a\u043e\u043d\u0441\u0442\u0440\u0443\u043a\u0446\u0438\u044f \u043e\u0431\u0435\u0441\u043f\u0435\u0447\u0438\u0432\u0430\u0435\u0442 \u0434\u043e\u043b\u0433\u043e\u0432\u0435\u0447\u043d\u043e\u0441\u0442\u044c \u0438 \u043d\u0430\u0434\u0435\u0436\u043d\u043e\u0441\u0442\u044c, \u0441\u043e\u0445\u0440\u0430\u043d\u044f\u044f \u043f\u0440\u0438 \u044d\u0442\u043e\u043c \u043b\u0435\u0433\u043a\u043e\u0441\u0442\u044c. \u042d\u0442\u0430 \u043e\u0441\u043e\u0431\u0435\u043d\u043d\u043e\u0441\u0442\u044c \u043e\u0431\u0435\u0441\u043f\u0435\u0447\u0438\u0432\u0430\u0435\u0442 \u0443\u0434\u043e\u0431\u0441\u0442\u0432\u043e \u043f\u0440\u0438 \u043f\u0440\u0438\u0433\u043e\u0442\u043e\u0432\u043b\u0435\u043d\u0438\u0438 \u043f\u0438\u0449\u0438 \u0441 \u043f\u043e\u043c\u043e\u0449\u044c\u044e \u0433\u0440\u0443\u043f\u043f\u044b \u043f\u043e\u0441\u0443\u0434\u044b \u0438\u0437 \u043b\u0438\u0442\u043e\u0433\u043e \u0430\u043b\u044e\u043c\u0438\u043d\u0438\u044f.<\/p>\n<h3>\u0418\u0441\u043a\u043b\u044e\u0447\u0438\u0442\u0435\u043b\u044c\u043d\u044b\u0435 \u0430\u043d\u0442\u0438\u043f\u0440\u0438\u0433\u0430\u0440\u043d\u044b\u0435 \u0441\u0432\u043e\u0439\u0441\u0442\u0432\u0430<\/h3>\n<p>\u0422\u0432\u0435\u0440\u0434\u044b\u0439 \u0430\u043d\u0442\u0438\u043f\u0440\u0438\u0433\u0430\u0440\u043d\u044b\u0439 \u0433\u0440\u0430\u043d\u0438\u0442\u043d\u044b\u0439 \u043c\u0430\u0442\u0435\u0440\u0438\u0430\u043b \u0432\u044b\u0441\u0448\u0435\u0433\u043e \u0443\u0440\u043e\u0432\u043d\u044f \u0441 10-\u043a\u0440\u0430\u0442\u043d\u044b\u043c \u0443\u043b\u044c\u0442\u0440\u0430\u043f\u0440\u0438\u0433\u0430\u0440\u043d\u044b\u043c \u043f\u043e\u043a\u0440\u044b\u0442\u0438\u0435\u043c \u0433\u0430\u0440\u0430\u043d\u0442\u0438\u0440\u0443\u0435\u0442, \u0447\u0442\u043e \u0435\u0436\u0435\u0434\u043d\u0435\u0432\u043d\u043e\u0435 \u043f\u0440\u0438\u0433\u043e\u0442\u043e\u0432\u043b\u0435\u043d\u0438\u0435 \u043f\u0438\u0449\u0438 \u0441 \u043f\u043e\u0441\u0443\u0434\u043e\u0439 \u0438\u0437 \u043b\u0438\u0442\u043e\u0433\u043e \u0430\u043b\u044e\u043c\u0438\u043d\u0438\u044f \u0431\u0443\u0434\u0435\u0442 \u0431\u0435\u0437\u043e\u043f\u0430\u0441\u043d\u044b\u043c \u0438 \u043f\u043e\u043b\u0435\u0437\u043d\u044b\u043c.<\/p>\n<h3>\u041b\u0435\u0433\u043a\u0430\u044f \u043e\u0447\u0438\u0441\u0442\u043a\u0430<\/h3>\n<p>\u041c\u044b \u0440\u0435\u043a\u043e\u043c\u0435\u043d\u0434\u0443\u0435\u043c \u043c\u044b\u0442\u044c \u043f\u043e\u0441\u0443\u0434\u0443 Die-casting Aluminum Cookware Group \u0432\u0440\u0443\u0447\u043d\u0443\u044e, \u0442\u0430\u043a \u043a\u0430\u043a \u043e\u043d\u0430 \u043b\u0435\u0433\u043a\u043e \u043e\u0447\u0438\u0449\u0430\u0435\u0442\u0441\u044f. \u041f\u0440\u043e\u0441\u0442\u043e \u043f\u0440\u043e\u0442\u0440\u0438\u0442\u0435 \u0435\u0435 \u0431\u0443\u043c\u0430\u0436\u043d\u044b\u043c \u043f\u043e\u043b\u043e\u0442\u0435\u043d\u0446\u0435\u043c \u0438\u043b\u0438 \u043e\u043f\u043e\u043b\u043e\u0441\u043d\u0438\u0442\u0435 \u0432\u043e\u0434\u043e\u0439 \u0434\u043b\u044f \u043e\u043f\u0442\u0438\u043c\u0430\u043b\u044c\u043d\u043e\u0433\u043e \u0443\u0445\u043e\u0434\u0430.<\/p>\n<h3>\u0411\u044b\u0441\u0442\u0440\u044b\u0439 \u0438 \u0440\u0430\u0432\u043d\u043e\u043c\u0435\u0440\u043d\u044b\u0439 \u043d\u0430\u0433\u0440\u0435\u0432<\/h3>\n<p>\u0413\u0440\u0443\u043f\u043f\u0430 \u043f\u043e\u0441\u0443\u0434\u044b \u0438\u0437 \u043b\u0438\u0442\u043e\u0433\u043e \u0430\u043b\u044e\u043c\u0438\u043d\u0438\u044f \u0431\u044b\u0441\u0442\u0440\u043e \u0438 \u0440\u0430\u0432\u043d\u043e\u043c\u0435\u0440\u043d\u043e \u043d\u0430\u0433\u0440\u0435\u0432\u0430\u0435\u0442\u0441\u044f, \u0438\u043c\u0435\u0435\u0442 \u0440\u0430\u0441\u0448\u0438\u0440\u0435\u043d\u043d\u043e\u0435 \u0434\u043d\u043e \u0438 \u043f\u043e\u0434\u0445\u043e\u0434\u0438\u0442 \u0434\u043b\u044f \u0432\u0441\u0435\u0445 \u0432\u0430\u0440\u043e\u0447\u043d\u044b\u0445 \u043f\u043e\u0432\u0435\u0440\u0445\u043d\u043e\u0441\u0442\u0435\u0439, \u0432\u043a\u043b\u044e\u0447\u0430\u044f \u0438\u043d\u0434\u0443\u043a\u0446\u0438\u043e\u043d\u043d\u044b\u0435.<\/p>\n<h3>\u0413\u0430\u0440\u0430\u043d\u0442\u0438\u044f \u0438 \u043f\u043e\u0434\u0434\u0435\u0440\u0436\u043a\u0430<\/h3>\n<p>\u041c\u044b \u043f\u0440\u0435\u0434\u043e\u0441\u0442\u0430\u0432\u043b\u044f\u0435\u043c 12-\u043c\u0435\u0441\u044f\u0447\u043d\u0443\u044e \u0433\u0430\u0440\u0430\u043d\u0442\u0438\u044e \u0441 \u043c\u043e\u043c\u0435\u043d\u0442\u0430 \u043f\u043e\u043a\u0443\u043f\u043a\u0438 \u043d\u0430 \u0432\u0430\u0448\u0443 \u0433\u0440\u0443\u043f\u043f\u0443 \u043f\u043e\u0441\u0443\u0434\u044b \u0438\u0437 \u043b\u0438\u0442\u043e\u0433\u043e \u0430\u043b\u044e\u043c\u0438\u043d\u0438\u044f. \u041f\u043e\u0436\u0430\u043b\u0443\u0439\u0441\u0442\u0430, \u043d\u0435 \u0441\u0442\u0435\u0441\u043d\u044f\u0439\u0442\u0435\u0441\u044c \u043e\u0431\u0440\u0430\u0449\u0430\u0442\u044c\u0441\u044f \u043a \u043d\u0430\u043c, \u0435\u0441\u043b\u0438 \u0443 \u0432\u0430\u0441 \u0432\u043e\u0437\u043d\u0438\u043a\u043d\u0443\u0442 \u043f\u0440\u043e\u0431\u043b\u0435\u043c\u044b \u0441 \u043a\u0430\u0447\u0435\u0441\u0442\u0432\u043e\u043c; \u0432\u044b \u0433\u0430\u0440\u0430\u043d\u0442\u0438\u0440\u043e\u0432\u0430\u043d\u043d\u043e \u043f\u043e\u043b\u0443\u0447\u0438\u0442\u0435 \u0443\u0434\u043e\u0432\u043b\u0435\u0442\u0432\u043e\u0440\u0438\u0442\u0435\u043b\u044c\u043d\u043e\u0435 \u0440\u0435\u0448\u0435\u043d\u0438\u0435.<\/p>","protected":false},"excerpt":{"rendered":"<table style=\"height: 304px\" width=\"672\">\n<tbody>\n<tr>\n<td>\u041c\u043e\u0434\u0435\u043b\u044c (\u043d\u043e\u043c\u0435\u0440 \u043f\u0440\u043e\u0434\u0443\u043a\u0442\u0430):<\/td>\n<td>AU-CW0086<\/td>\n<\/tr>\n<tr>\n<td>\u0420\u0430\u0437\u043c\u0435\u0440 \u0438\u0437\u0434\u0435\u043b\u0438\u044f:<\/td>\n<td>28\u00d78cm,18\u00d79.1cm,28\u00d78cm,20\u00d710cm,20\u00d74.5cm<\/td>\n<\/tr>\n<tr>\n<td>\u041c\u0430\u0442\u0435\u0440\u0438\u0430\u043b \u0438\u0437\u0434\u0435\u043b\u0438\u044f:<\/td>\n<td>\u0423\u0433\u043b\u0435\u0440\u043e\u0434\u0438\u0441\u0442\u0430\u044f \u0441\u0442\u0430\u043b\u044c<\/td>\n<\/tr>\n<tr>\n<td>\u0426\u0432\u0435\u0442 \u043f\u0440\u043e\u0434\u0443\u043a\u0442\u0430:<\/td>\n<td>\u041d\u0430 \u0437\u0430\u043a\u0430\u0437<\/td>\n<\/tr>\n<tr>\n<td>\u0418\u043d\u0444\u043e\u0440\u043c\u0430\u0446\u0438\u044f \u043e\u0431 \u0443\u043f\u0430\u043a\u043e\u0432\u043a\u0435:<\/td>\n<td>8 \u0448\u0442\u0443\u043a \u0432 \u043a\u043e\u0440\u043e\u0431\u043a\u0435<\/td>\n<\/tr>\n<tr>\n<td>\u041c\u0438\u043d\u0438\u043c\u0430\u043b\u044c\u043d\u043e\u0435 \u043a\u043e\u043b\u0438\u0447\u0435\u0441\u0442\u0432\u043e \u0437\u0430\u043a\u0430\u0437\u0430:<\/td>\n<td>1200 \u0435\u0434\u0438\u043d\u0438\u0446<\/td>\n<\/tr>\n<tr>\n<td>\u041f\u0440\u043e\u0438\u0441\u0445\u043e\u0436\u0434\u0435\u043d\u0438\u0435:<\/td>\n<td>\u041a\u0438\u0442\u0430\u0439<\/td>\n<\/tr>\n<tr>\n<td>\u0426\u0435\u043d\u0430:<\/td>\n<td>\u041f\u0435\u0440\u0435\u0433\u043e\u0432\u043e\u0440\u044b<\/td>\n<\/tr>\n<\/tbody>\n<\/table>\n<p>&nbsp;<\/p>","protected":false},"featured_media":9624,"comment_status":"open","ping_status":"closed","template":"","meta":{"_acf_changed":false},"product_brand":[],"product_cat":[113,112],"product_tag":[],"class_list":{"0":"post-9623","1":"product","2":"type-product","3":"status-publish","4":"has-post-thumbnail","6":"product_cat-cookware-set","7":"product_cat-cookware","8":"pif-has-gallery","10":"first","11":"instock","12":"shipping-taxable","13":"product-type-simple"},"acf":[],"_links":{"self":[{"href":"https:\/\/www.auspacekitchenware.com\/ru\/wp-json\/wp\/v2\/product\/9623","targetHints":{"allow":["GET"]}}],"collection":[{"href":"https:\/\/www.auspacekitchenware.com\/ru\/wp-json\/wp\/v2\/product"}],"about":[{"href":"https:\/\/www.auspacekitchenware.com\/ru\/wp-json\/wp\/v2\/types\/product"}],"replies":[{"embeddable":true,"href":"https:\/\/www.auspacekitchenware.com\/ru\/wp-json\/wp\/v2\/comments?post=9623"}],"wp:featuredmedia":[{"embeddable":true,"href":"https:\/\/www.auspacekitchenware.com\/ru\/wp-json\/wp\/v2\/media\/9624"}],"wp:attachment":[{"href":"https:\/\/www.auspacekitchenware.com\/ru\/wp-json\/wp\/v2\/media?parent=9623"}],"wp:term":[{"taxonomy":"product_brand","embeddable":true,"href":"https:\/\/www.auspacekitchenware.com\/ru\/wp-json\/wp\/v2\/product_brand?post=9623"},{"taxonomy":"product_cat","embeddable":true,"href":"https:\/\/www.auspacekitchenware.com\/ru\/wp-json\/wp\/v2\/product_cat?post=9623"},{"taxonomy":"product_tag","embeddable":true,"href":"https:\/\/www.auspacekitchenware.com\/ru\/wp-json\/wp\/v2\/product_tag?post=9623"}],"curies":[{"name":"wp","href":"https:\/\/api.w.org\/{rel}","templated":true}]}}